{"id":2258,"date":"2021-09-10T15:54:34","date_gmt":"2021-09-10T15:54:34","guid":{"rendered":"https:\/\/aurelium.label-3.com\/?page_id=2258"},"modified":"2025-02-26T11:16:29","modified_gmt":"2025-02-26T11:16:29","slug":"10-faq","status":"publish","type":"page","link":"https:\/\/aurelium.de\/?page_id=2258","title":{"rendered":"10 FAQ"},"content":{"rendered":"<h1>\n<h1 style=\"color: white; display: inline-block; background-color: #ebaf1c; padding: 10px;\">10 FAQ<\/h1>\n<\/h1>\n<ul>\n<li>\n<h3>1. Was findet im AURELIUM statt?<\/h3>\n<div>\n<p style=\"font-size: 20px; color: white; display: inline-block; background-color: #ebaf1b; padding: 10px;\"><strong>Vielf\u00e4ltige Kulturveranstaltungen, Vermietung f\u00fcr Firmenevents aller Art, rege Vereinsaktivit\u00e4ten<\/strong><\/p>\n<\/div>\n<\/li>\n<li>\n<h3>2. Seit wann gibt es das AURELIUM?<\/h3>\n<div>\n<p style=\"font-size: 20px; color: white; display: inline-block; background-color: #ebaf1b; padding: 10px;\">Der Betrieb wurde 2016 nach 2 j\u00e4hriger Bauphase aufgenommen.<\/p>\n<\/div>\n<\/li>\n<li>\n<h3>3. Ist die Vert\u00e4felung des AURELIUM echtes Gold?<\/h3>\n<div>\n<p style=\"font-size:20px;color: white; display: inline-block; background-color: #ebaf1b; padding: 10px;\">Nein, leider nicht, es handelt sich um Kupferblech mit einer Legierung  5% Anteile Zinn und Aluminium.<\/p>\n<\/div>\n<\/li>\n<li>\n<h3>4. Wann feiert das AURELIUM sein erstes gro\u00dfes Jubil\u00e4um?<\/h3>\n<div>\n<p style=\"font-size: 20px; color: white; display: inline-block; background-color: #ebaf1b; padding: 10px;\">Im Fr\u00fchjahr 2026 findet ein spannendes Programm zum 10. j\u00e4hrigen Bestehen unseres &#8222;goldenen&#8220; Kulturhauses statt.<\/p>\n<\/div>\n<\/li>\n<li>\n<h3>5. Wie ist die Akustik im AURELIUM?<\/h3>\n<div>\n<p style=\"font-size: 20px; color: white; display: inline-block; background-color: #ebaf1b; padding: 10px;\">Durch die ausgekl\u00fcgelte Architektur des Holzgew\u00f6lbes erreicht man ein wunderbares H\u00f6rerlebnis.<\/p>\n<\/div>\n<\/li>\n<li>\n<h3>6. Wo kann ich Karten f\u00fcr Veranstaltungen im AURELIUM kaufen?<\/h3>\n<div>\n<p style=\"font-size: 20px; color: white; display: inline-block; background-color: #ebaf1b; padding: 10px;\">Online \u00fcber ok-Ticket und bei allen ok-Ticket-Vorverkaufsstellen, bzw. beim jeweiligen Veranstalter<\/p>\n<\/div>\n<p><a href=\"\/?page_id=1650&#038;customize_changeset_uuid=89cb9a82-0625-4698-9cda-930ca10a79ca&#038;customize_autosaved=on\">Jetzt kaufen<\/a><\/p>\n<\/li>\n<li>\n<h3>7. Gilt meine AURELIUM-Konzertkarte auch f\u00fcr den \u00f6ffentlichen Nahverkehr?<\/h3>\n<div>\n<p style=\"font-size: 20px; color: white; display: inline-block; background-color: #ebaf1b; padding: 10px;\">Ja, die im Vorverkauf erworbenen Karten berechtigen zur Anreise mit dem RVV.\u00a0<\/p>\n<\/div>\n<p><a href=\"\/?page_id=1650&#038;customize_changeset_uuid=89cb9a82-0625-4698-9cda-930ca10a79ca&#038;customize_autosaved=on\">Jetzt kaufen<\/a><\/p>\n<\/li>\n<li>\n<h3>8. Ist das AURELIUM barrierefrei?<\/h3>\n<div>\n<p style=\"font-size:20px;color: white; display: inline-block; background-color: #ebaf1b; padding: 10px;\">Ja, das gesamte Geb\u00e4ude ist barrierefrei zug\u00e4ngig, ebenso verf\u00fcgt es \u00fcber eine induktive H\u00f6ranlage.<\/p>\n<\/div>\n<\/li>\n<li>\n<h3>9. Kann ich AURELIUM Gutscheine verschenken?<\/h3>\n<div>\n<p style=\"font-size: 20px; color: white; display: inline-block; background-color: #ebaf1b; padding: 10px;\">Ja, Gutscheine sind problemlos online unter OK-Ticket zu erwerben.<\/p>\n<\/div>\n<p><a href=\"\/?page_id=1650&#038;customize_changeset_uuid=89cb9a82-0625-4698-9cda-930ca10a79ca&#038;customize_autosaved=on\">Jetzt kaufen<\/a><\/p>\n<\/li>\n<li>\n<h3>10. Welches Angebot gibt es f\u00fcr Kinder und Jugendliche im AURELIUM?<\/h3>\n<div>\n<p style=\"font-size:20px;color: white; display: inline-block; background-color: #ebaf1b; padding: 10px;\">Das AURELIUM Programm bietet regelm\u00e4\u00dfig ausgesuchte Veranstaltungen aus dem Bereich der Kinder- und Jugendkultur.<\/p>\n<\/div>\n<\/li>\n<\/ul>\n<p><!--more--><br \/>\n<!-- {\"type\":\"layout\",\"children\":[{\"type\":\"section\",\"props\":{\"image\":\"wp-content\\\/uploads\\\/2021\\\/08\\\/1612552_cs6_Vorschau-1.jpg\",\"image_effect\":\"fixed\",\"image_position\":\"top-center\",\"image_size\":\"cover\",\"style\":\"default\",\"title_breakpoint\":\"xl\",\"title_position\":\"top-left\",\"title_rotation\":\"left\",\"vertical_align\":\"middle\",\"width\":\"default\"},\"children\":[{\"type\":\"row\",\"children\":[{\"type\":\"column\",\"props\":{\"image_position\":\"center-center\",\"position_sticky_breakpoint\":\"m\"},\"children\":[{\"type\":\"headline\",\"props\":{\"content\":\"\n\n<h1 style=\\\"color: white; display: inline-block; background-color: #ebaf1c; padding: 10px;\\\">10 FAQ<\\\/h1>\",\"title_element\":\"h1\"}}]}]},{\"type\":\"row\",\"children\":[{\"type\":\"column\",\"props\":{\"image_position\":\"center-center\",\"position_sticky_breakpoint\":\"m\",\"style\":\"tile-secondary\"},\"children\":[{\"type\":\"accordion\",\"props\":{\"collapsible\":true,\"content_column_breakpoint\":\"m\",\"image_align\":\"top\",\"image_grid_breakpoint\":\"m\",\"image_grid_width\":\"1-2\",\"image_svg_color\":\"emphasis\",\"link_style\":\"default\",\"link_text\":\"Read more\",\"show_image\":true,\"show_link\":true},\"children\":[{\"type\":\"accordion_item\",\"props\":{\"content\":\"\n\n<p style=\\\"font-size: 20px; color: white; display: inline-block; background-color: #ebaf1b; padding: 10px;\\\"><strong>Vielf\\u00e4ltige Kulturveranstaltungen, Vermietung f\\u00fcr Firmenevents aller Art, rege Vereinsaktivit\\u00e4ten<\\\/strong><\\\/p>\",\"title\":\"1. Was findet im AURELIUM statt?\"}},{\"type\":\"accordion_item\",\"props\":{\"content\":\"\n\n<p style=\\\"font-size: 20px; color: white; display: inline-block; background-color: #ebaf1b; padding: 10px;\\\">Der Betrieb wurde 2016 nach 2 j\\u00e4hriger Bauphase aufgenommen.<\\\/p>\",\"title\":\"2. Seit wann gibt es das AURELIUM?\"}},{\"type\":\"accordion_item\",\"props\":{\"content\":\"\n\n<p style=\\\"font-size:20px;color: white; display: inline-block; background-color: #ebaf1b; padding: 10px;\\\">Nein, leider nicht, es handelt sich um Kupferblech mit einer Legierung  5% Anteile Zinn und Aluminium.<\\\/p>\",\"title\":\"3. Ist die Vert\\u00e4felung des AURELIUM echtes Gold?\"}},{\"type\":\"accordion_item\",\"props\":{\"content\":\"\n\n<p style=\\\"font-size: 20px; color: white; display: inline-block; background-color: #ebaf1b; padding: 10px;\\\">Im Fr\\u00fchjahr 2026 findet ein spannendes Programm zum 10. j\\u00e4hrigen Bestehen unseres \\\"goldenen\\\" Kulturhauses statt.<\\\/p>\",\"title\":\"4. Wann feiert das AURELIUM sein erstes gro\\u00dfes Jubil\\u00e4um?\"}},{\"type\":\"accordion_item\",\"props\":{\"content\":\"\n\n<p style=\\\"font-size: 20px; color: white; display: inline-block; background-color: #ebaf1b; padding: 10px;\\\">Durch die ausgekl\\u00fcgelte Architektur des Holzgew\\u00f6lbes erreicht man ein wunderbares H\\u00f6rerlebnis.<\\\/p>\",\"title\":\"5. Wie ist die Akustik im AURELIUM?\"}},{\"type\":\"accordion_item\",\"props\":{\"content\":\"\n\n<p style=\\\"font-size: 20px; color: white; display: inline-block; background-color: #ebaf1b; padding: 10px;\\\">Online \\u00fcber ok-Ticket und bei allen ok-Ticket-Vorverkaufsstellen, bzw. beim jeweiligen Veranstalter<\\\/p>\",\"link\":\"\\\/?page_id=1650&customize_changeset_uuid=89cb9a82-0625-4698-9cda-930ca10a79ca&customize_autosaved=on\",\"link_text\":\"Jetzt kaufen\",\"title\":\"6. Wo kann ich Karten f\\u00fcr Veranstaltungen im AURELIUM kaufen?\"}},{\"type\":\"accordion_item\",\"props\":{\"content\":\"\n\n<p style=\\\"font-size: 20px; color: white; display: inline-block; background-color: #ebaf1b; padding: 10px;\\\">Ja, die im Vorverkauf erworbenen Karten berechtigen zur Anreise mit dem RVV.\\u00a0<\\\/p>\",\"link\":\"\\\/?page_id=1650&customize_changeset_uuid=89cb9a82-0625-4698-9cda-930ca10a79ca&customize_autosaved=on\",\"link_text\":\"Jetzt kaufen\",\"title\":\"7. Gilt meine AURELIUM-Konzertkarte auch f\\u00fcr den \\u00f6ffentlichen Nahverkehr?\"}},{\"type\":\"accordion_item\",\"props\":{\"content\":\"\n\n<p style=\\\"font-size:20px;color: white; display: inline-block; background-color: #ebaf1b; padding: 10px;\\\">Ja, das gesamte Geb\\u00e4ude ist barrierefrei zug\\u00e4ngig, ebenso verf\\u00fcgt es \\u00fcber eine induktive H\\u00f6ranlage.<\\\/p>\",\"title\":\"8. Ist das AURELIUM barrierefrei?\"}},{\"type\":\"accordion_item\",\"props\":{\"content\":\"\n\n<p style=\\\"font-size: 20px; color: white; display: inline-block; background-color: #ebaf1b; padding: 10px;\\\">Ja, Gutscheine sind problemlos online unter OK-Ticket zu erwerben.<\\\/p>\",\"link\":\"\\\/?page_id=1650&customize_changeset_uuid=89cb9a82-0625-4698-9cda-930ca10a79ca&customize_autosaved=on\",\"link_text\":\"Jetzt kaufen\",\"title\":\"9. Kann ich AURELIUM Gutscheine verschenken?\"}},{\"type\":\"accordion_item\",\"props\":{\"content\":\"\n\n<p style=\\\"font-size:20px;color: white; display: inline-block; background-color: #ebaf1b; padding: 10px;\\\">Das AURELIUM Programm bietet regelm\\u00e4\\u00dfig ausgesuchte Veranstaltungen aus dem Bereich der Kinder- und Jugendkultur.<\\\/p>\",\"title\":\"10. Welches Angebot gibt es f\\u00fcr Kinder und Jugendliche im AURELIUM?\"}}]}]}]}]}],\"version\":\"4.2.11\",\"yooessentialsVersion\":\"2.1.3\"} --><\/p>\n","protected":false},"excerpt":{"rendered":"<p>10 FAQ 1. Was findet im AURELIUM statt? Vielf\u00e4ltige Kulturveranstaltungen, Vermietung f\u00fcr Firmenevents aller Art, rege Vereinsaktivit\u00e4ten 2. Seit wann gibt es das AURELIUM? Der Betrieb wurde 2016 nach 2 j\u00e4hriger Bauphase aufgenommen. 3. Ist die Vert\u00e4felung des AURELIUM echtes Gold? Nein, leider nicht, es handelt sich um Kupferblech mit einer Legierung 5% Anteile Zinn [&hellip;]<\/p>\n","protected":false},"author":1,"featured_media":0,"parent":0,"menu_order":0,"comment_status":"closed","ping_status":"closed","template":"","meta":{"_acf_changed":false,"footnotes":""},"class_list":["post-2258","page","type-page","status-publish","hentry"],"acf":[],"publishpress_future_workflow_manual_trigger":{"enabledWorkflows":[]},"_links":{"self":[{"href":"https:\/\/aurelium.de\/index.php?rest_route=\/wp\/v2\/pages\/2258","targetHints":{"allow":["GET"]}}],"collection":[{"href":"https:\/\/aurelium.de\/index.php?rest_route=\/wp\/v2\/pages"}],"about":[{"href":"https:\/\/aurelium.de\/index.php?rest_route=\/wp\/v2\/types\/page"}],"author":[{"embeddable":true,"href":"https:\/\/aurelium.de\/index.php?rest_route=\/wp\/v2\/users\/1"}],"replies":[{"embeddable":true,"href":"https:\/\/aurelium.de\/index.php?rest_route=%2Fwp%2Fv2%2Fcomments&post=2258"}],"version-history":[{"count":83,"href":"https:\/\/aurelium.de\/index.php?rest_route=\/wp\/v2\/pages\/2258\/revisions"}],"predecessor-version":[{"id":5809,"href":"https:\/\/aurelium.de\/index.php?rest_route=\/wp\/v2\/pages\/2258\/revisions\/5809"}],"wp:attachment":[{"href":"https:\/\/aurelium.de\/index.php?rest_route=%2Fwp%2Fv2%2Fmedia&parent=2258"}],"curies":[{"name":"wp","href":"https:\/\/api.w.org\/{rel}","templated":true}]}}