{"id":1968,"date":"2021-08-27T05:52:36","date_gmt":"2021-08-27T05:52:36","guid":{"rendered":"https:\/\/aurelium.label-3.com\/?page_id=1968"},"modified":"2023-04-14T07:59:00","modified_gmt":"2023-04-14T07:59:00","slug":"aurelium-foerderer","status":"publish","type":"page","link":"https:\/\/aurelium.de\/?page_id=1968","title":{"rendered":"AURELIUM F\u00d6RDERER"},"content":{"rendered":"<h2><span style=\"color: #ffffff;\"><span style=\"font-size: 32px; background-color: #ebaf1b;  padding: 10px;\">AURELIUM F\u00d6RDERN<\/span><\/span><\/h2>\n<p><img decoding=\"async\" src=\"\/wp-content\/uploads\/2021\/09\/Programmheft_frei_kl.png\" alt=\"\"><\/p>\n<div>\n<p>Wir bieten Ihnen M\u00f6glichkeiten der F\u00f6rderung und Unterst\u00fctzung durch eine Partnerschaft mit dem AURELIUM an.<\/p>\n<p>Kultur war und ist ein wichtiger Bestandteil im gesellschaftlichen Leben, sie verbindet und f\u00f6rdert unser Miteinander. Kultur tr\u00e4gt zur Bildung bei, sie bereitet Freude und bietet Entspannung in unserer hektischen Welt. Um unserem Publikum auch zuk\u00fcnftig ein breit gef\u00e4chertes Angebot an Kulturveranstaltungen zu bieten, sind wir auf der Suche nach Partnerinnen und Partnern.<br \/>Mit der F\u00f6rderung unseres Kulturhauses leisten Sie einen aktiven Beitrag zum Erhalt, zur St\u00e4rkung und zum Ausbau der Kulturszene in unserer Region. Unser Angebot richtet sich an Unternehmen, Privatpersonen und Institutionen gleicherma\u00dfen.<\/p>\n<\/div>\n<p>\n    <a href=\"\/index.php?page_id=1645\">KONTAKT<\/a>\n<\/p>\n<h2><span style=\"color: #ffffff;\"><span style=\"font-size: 32px; background-color: #ebaf1b; padding: 10px;\">AURELIUM WERBEPARTNER<\/span><\/span><\/h2>\n<p><img decoding=\"async\" src=\"\/wp-content\/uploads\/2021\/10\/werben.png\" alt=\"\"><\/p>\n<div>\n<p>Auch bieten wir Ihnen die M\u00f6glichkeit verschiedenster Werbeformate rund um das AURELIUM.<\/p>\n<p>Dies k\u00f6nnte zum Beispiel eine Anzeige in unserer regelm\u00e4\u00dfig erscheinenden Veranstaltungsbrosch\u00fcre sein, die zweimal j\u00e4hrlich in einer Auflage von 10.000 St\u00fcck gedruckt wird.<\/p>\n<\/div>\n<p>\n    <a href=\"\/index.php?page_id=1645\">KONTAKT<\/a>\n<\/p>\n<p><!--more--><br \/>\n<!-- {\"type\":\"layout\",\"children\":[{\"type\":\"section\",\"props\":{\"style\":\"secondary\",\"width\":\"default\",\"vertical_align\":\"middle\",\"title_position\":\"top-left\",\"title_rotation\":\"left\",\"title_breakpoint\":\"xl\",\"image_position\":\"center-center\"},\"children\":[{\"type\":\"row\",\"children\":[{\"type\":\"column\",\"props\":{\"image_position\":\"center-center\",\"media_overlay_gradient\":\"\",\"position_sticky_breakpoint\":\"m\"},\"children\":[{\"type\":\"headline\",\"props\":{\"title_element\":\"h2\",\"content\":\"<span style=\\\"color: #ffffff;\\\"><span style=\\\"font-size: 32px; background-color: #ebaf1b;  padding: 10px;\\\">AURELIUM F\\u00d6RDERN<\\\/span><\\\/span>\"}}]}]},{\"type\":\"row\",\"props\":{\"layout\":\"1-2,1-2\"},\"children\":[{\"type\":\"column\",\"props\":{\"image_position\":\"center-center\",\"media_overlay_gradient\":\"\",\"width_medium\":\"1-2\",\"position_sticky_breakpoint\":\"m\"},\"children\":[{\"type\":\"image\",\"props\":{\"margin\":\"default\",\"image_svg_color\":\"emphasis\",\"image\":\"wp-content\\\/uploads\\\/2021\\\/09\\\/Programmheft_frei_kl.png\",\"image_width\":\"400\"}}]},{\"type\":\"column\",\"props\":{\"image_position\":\"center-center\",\"media_overlay_gradient\":\"\",\"width_medium\":\"1-2\",\"position_sticky_breakpoint\":\"m\"},\"children\":[{\"type\":\"text\",\"props\":{\"margin\":\"default\",\"column_breakpoint\":\"m\",\"content\":\"\n\n<p>Wir bieten Ihnen M\\u00f6glichkeiten der F\\u00f6rderung und Unterst\\u00fctzung durch eine Partnerschaft mit dem AURELIUM an.<\\\/p>\\n\n\n<p>Kultur war und ist ein wichtiger Bestandteil im gesellschaftlichen Leben, sie verbindet und f\\u00f6rdert unser Miteinander. Kultur tr\\u00e4gt zur Bildung bei, sie bereitet Freude und bietet Entspannung in unserer hektischen Welt. Um unserem Publikum auch zuk\\u00fcnftig ein breit gef\\u00e4chertes Angebot an Kulturveranstaltungen zu bieten, sind wir auf der Suche nach Partnerinnen und Partnern.<br \\\/>Mit der F\\u00f6rderung unseres Kulturhauses leisten Sie einen aktiven Beitrag zum Erhalt, zur St\\u00e4rkung und zum Ausbau der Kulturszene in unserer Region. Unser Angebot richtet sich an Unternehmen, Privatpersonen und Institutionen gleicherma\\u00dfen.<\\\/p>\"}}]}]},{\"type\":\"row\",\"children\":[{\"type\":\"column\",\"props\":{\"image_position\":\"center-center\",\"media_overlay_gradient\":\"\",\"position_sticky_breakpoint\":\"m\"},\"children\":[{\"type\":\"button\",\"props\":{\"grid_column_gap\":\"small\",\"grid_row_gap\":\"small\",\"margin\":\"default\",\"fullwidth\":true},\"children\":[{\"type\":\"button_item\",\"props\":{\"button_style\":\"primary\",\"icon_align\":\"left\",\"content\":\"KONTAKT\",\"link\":\"index.php?page_id=1645\",\"icon\":\"mail\"}}]}]}]}],\"modified\":\"2021-09-10T15:41:09.799Z\",\"name\":\"f\\u00f6rderer\"},{\"type\":\"section\",\"props\":{\"style\":\"default\",\"width\":\"default\",\"vertical_align\":\"middle\",\"title_position\":\"top-left\",\"title_rotation\":\"left\",\"title_breakpoint\":\"xl\",\"image_position\":\"center-center\"},\"children\":[{\"type\":\"row\",\"children\":[{\"type\":\"column\",\"props\":{\"image_position\":\"center-center\",\"media_overlay_gradient\":\"\",\"position_sticky_breakpoint\":\"m\"},\"children\":[{\"type\":\"headline\",\"props\":{\"title_element\":\"h2\",\"content\":\"<span style=\\\"color: #ffffff;\\\"><span style=\\\"font-size: 32px; background-color: #ebaf1b; padding: 10px;\\\">AURELIUM WERBEPARTNER<\\\/span><\\\/span>\"}}]}]},{\"type\":\"row\",\"props\":{\"layout\":\"1-2,1-2\"},\"children\":[{\"type\":\"column\",\"props\":{\"image_position\":\"center-center\",\"media_overlay_gradient\":\"\",\"width_medium\":\"1-2\",\"position_sticky_breakpoint\":\"m\"},\"children\":[{\"type\":\"image\",\"props\":{\"margin\":\"default\",\"image_svg_color\":\"emphasis\",\"image_width\":\"400\",\"image\":\"wp-content\\\/uploads\\\/2021\\\/10\\\/werben.png\"}}]},{\"type\":\"column\",\"props\":{\"image_position\":\"center-center\",\"media_overlay_gradient\":\"\",\"width_medium\":\"1-2\",\"position_sticky_breakpoint\":\"m\"},\"children\":[{\"type\":\"text\",\"props\":{\"margin\":\"default\",\"column_breakpoint\":\"m\",\"content\":\"\n\n<p>Auch bieten wir Ihnen die M\\u00f6glichkeit verschiedenster Werbeformate rund um das AURELIUM.<\\\/p>\\n\n\n<p><br \\\/>Dies k\\u00f6nnte zum Beispiel eine Anzeige in unserer regelm\\u00e4\\u00dfig erscheinenden Veranstaltungsbrosch\\u00fcre sein, die zweimal j\\u00e4hrlich in einer Auflage von 10.000 St\\u00fcck gedruckt wird.<\\\/p>\"}}]}]},{\"type\":\"row\",\"children\":[{\"type\":\"column\",\"props\":{\"image_position\":\"center-center\",\"media_overlay_gradient\":\"\",\"position_sticky_breakpoint\":\"m\"},\"children\":[{\"type\":\"button\",\"props\":{\"grid_column_gap\":\"small\",\"grid_row_gap\":\"small\",\"margin\":\"default\",\"fullwidth\":true},\"children\":[{\"type\":\"button_item\",\"props\":{\"button_style\":\"primary\",\"icon_align\":\"left\",\"content\":\"KONTAKT\",\"link\":\"index.php?page_id=1645\",\"icon\":\"mail\"}}]}]}]}],\"modified\":\"2021-09-10T15:41:09.799Z\",\"name\":\"f\\u00f6rderer\"}],\"version\":\"2.7.23\"} --><\/p>\n","protected":false},"excerpt":{"rendered":"<p>AURELIUM F\u00d6RDERN Wir bieten Ihnen M\u00f6glichkeiten der F\u00f6rderung und Unterst\u00fctzung durch eine Partnerschaft mit dem AURELIUM an. Kultur war und ist ein wichtiger Bestandteil im gesellschaftlichen Leben, sie verbindet und f\u00f6rdert unser Miteinander. Kultur tr\u00e4gt zur Bildung bei, sie bereitet Freude und bietet Entspannung in unserer hektischen Welt. Um unserem Publikum auch zuk\u00fcnftig ein breit [&hellip;]<\/p>\n","protected":false},"author":1,"featured_media":0,"parent":0,"menu_order":0,"comment_status":"closed","ping_status":"closed","template":"","meta":{"_acf_changed":false,"footnotes":""},"class_list":["post-1968","page","type-page","status-publish","hentry"],"acf":[],"publishpress_future_workflow_manual_trigger":{"enabledWorkflows":[]},"_links":{"self":[{"href":"https:\/\/aurelium.de\/index.php?rest_route=\/wp\/v2\/pages\/1968","targetHints":{"allow":["GET"]}}],"collection":[{"href":"https:\/\/aurelium.de\/index.php?rest_route=\/wp\/v2\/pages"}],"about":[{"href":"https:\/\/aurelium.de\/index.php?rest_route=\/wp\/v2\/types\/page"}],"author":[{"embeddable":true,"href":"https:\/\/aurelium.de\/index.php?rest_route=\/wp\/v2\/users\/1"}],"replies":[{"embeddable":true,"href":"https:\/\/aurelium.de\/index.php?rest_route=%2Fwp%2Fv2%2Fcomments&post=1968"}],"version-history":[{"count":25,"href":"https:\/\/aurelium.de\/index.php?rest_route=\/wp\/v2\/pages\/1968\/revisions"}],"predecessor-version":[{"id":4750,"href":"https:\/\/aurelium.de\/index.php?rest_route=\/wp\/v2\/pages\/1968\/revisions\/4750"}],"wp:attachment":[{"href":"https:\/\/aurelium.de\/index.php?rest_route=%2Fwp%2Fv2%2Fmedia&parent=1968"}],"curies":[{"name":"wp","href":"https:\/\/api.w.org\/{rel}","templated":true}]}}