{"id":1952,"date":"2021-08-27T05:51:03","date_gmt":"2021-08-27T05:51:03","guid":{"rendered":"https:\/\/aurelium.label-3.com\/?page_id=1952"},"modified":"2022-01-25T09:21:46","modified_gmt":"2022-01-25T09:21:46","slug":"streaming","status":"publish","type":"page","link":"https:\/\/aurelium.de\/?page_id=1952","title":{"rendered":"STREAMING"},"content":{"rendered":"<h1>\n<h1 style=\"color: white; display: inline-block; background-color: #ebaf1b; padding: 10px;\">STREAMING<\/h1>\n<\/h1>\n<div>\n<div class=\"ts-wiki-page-content-parent\">\n<div class=\"ts-wiki-page-content\">\n<div class=\"page-sections\" role=\"application\" acc-role-dom=\"canvas-section\">\n<div class=\"wiki-section-and-add\" ng-repeat=\"wikiSection in wikiPageCtrl.canvas.selectedPage.sections\"><wiki-section class=\"ts-wiki-page-section ts-wiki-page-main-content-width ts-wiki-page-content-background\" ng-class=\"{'animate': wikiSection === wikiPageCtrl.selectedSection}\" data-tid=\"canvas-wiki-section-12\" section-index=\"$index\" is-first=\"$first\" is-last=\"$last\" on-new-section=\"wikiPageCtrl.newSection(toIndex)\" wiki-context=\"wikiPageCtrl.wikiContext\" canvas=\"wikiPageCtrl.canvas\" section=\"wikiSection\" page=\"wikiPageCtrl.canvas.selectedPage\"><\/p>\n<div id=\"section-12\" class=\"ts-wiki-section\" ng-class=\"{'ts-wiki-section-editing': wikiSection.editing &amp;&amp; wikiSectionCtrl.editorReady, 'ts-wiki-section-locked': wikiSection.locked}\" ng-attr-calling-screen-focus=\"{{(wikiSectionCtrl.isFirst) ? 'first-section' : undefined}}\" simple-focus=\"wikiSectionCtrl.constructAriaLabelForSection($event, wikiSection.title)\" aria-label=\"Letzter Abschnitt: CATERING. Dr\u00fccken Sie die EINGABETASTE, um den Abschnittstitel zu bearbeiten, die NACH-UNTEN-TASTE f\u00fcr die Schaltfl\u00e4che &quot;Neuer Abschnitt&quot; und die ESC-TASTE, um zu vorherigen Men\u00fc zur\u00fcckzukehren.\" tabindex=\"-1\">\n<div class=\"wiki-canvas-inside-section\" acc-role-dom=\"canvas-inside-section\">\n<div ng-if=\"!wikiSection.editing || !wikiSectionCtrl.editorReady\" class=\"ts-wiki-section-view\"><wiki-viewer identifier=\"12\" content-title=\"wikiSection.title\" default-title-loc-key=\"wiki_section_default_title\" title-aria-loc-key=\"aria_wiki_section_title\" content-body=\"wikiSection.content\" on-title-click=\"wikiSectionCtrl.handleMouseEvent(event)\" on-content-click=\"wikiSectionCtrl.handleMouseEvent(event)\" should-show-default-cursor=\"wikiSection.locked\" is-lock-status-visible=\"wikiSection.locked &amp;&amp; !wikiSection.editing\" wiki-context=\"wikiSectionCtrl.wikiContext\" image-handler=\"wikiSectionCtrl.section.imageHandler\"><\/p>\n<div class=\"ts-wiki-viewer\" ng-class=\"{'ts-wiki-viewer-section-locked': wikiSection.locked}\">\n<div class=\"ts-wiki-viewer-content-and-marker\">\n<div class=\"ts-wiki-viewer-content html\" ng-class=\"::{'default-cursor' : wikiViewerCtrl.shouldShowDefaultCursor}\" data-clickable-element=\"\" simple-focus=\"wikiViewerCtrl.setAriaLabelledbyForSectionContent($event)\" compile=\"wikiViewerCtrl.contentToRender\" id=\"wiki-viewer-content-12\" aria-labelledby=\"wiki-viewer-content-12\" data-tid=\"wiki-viewer-content-12\" acc-role-dom=\"canvas-inside-section\" tabindex=\"-1\">\n<div>\n<p>Wir bieten generell die Option Ihre Veranstaltung \u00fcber das Internet zu streamen.<\/p>\n<p>Sie k\u00f6nnen Ihren Kooperationspartner frei w\u00e4hlen, der hierf\u00fcr die Streaming-Technik stellt und Ihre speziellen W\u00fcnsche diesbez\u00fcglich erf\u00fcllt.<\/p>\n<p>Gerne k\u00f6nnen wir Ihnen Empfehlungen aussprechen und beratend zur Seite stehen.<\/p>\n<\/div>\n<\/div>\n<\/div>\n<\/div>\n<p><\/wiki-viewer><\/div>\n<\/div>\n<\/div>\n<p><\/wiki-section><\/div>\n<\/div>\n<\/div>\n<\/div>\n<\/div>\n<p>\n    <a href=\"https:\/\/aurelium.de\/?page_id=2769#personen\">JETZT ANFRAGEN<\/a>\n<\/p>\n<ul>\n<li>\n<p>        <img decoding=\"async\" src=\"\/wp-content\/uploads\/2021\/09\/20210107_TelisFinanz_4-1.jpg\" alt=\"\"><\/p>\n<h3>20210107_TelisFinanz_4<\/h3>\n<\/li>\n<li>\n<p>        <img decoding=\"async\" src=\"\/wp-content\/uploads\/2021\/09\/20210107_TelisFinanz_3-1.jpg\" alt=\"\"><\/p>\n<h3>20210107_TelisFinanz_3<\/h3>\n<\/li>\n<li>\n<p>        <img decoding=\"async\" src=\"\/wp-content\/uploads\/2021\/10\/Saal-AB_Teilstreaming-scaled.jpg\" alt=\"\"><\/p>\n<\/li>\n<li>\n<p>        <img decoding=\"async\" src=\"\/wp-content\/uploads\/2021\/10\/20210107_TelisFinanz_2.jpg\" alt=\"\"><\/p>\n<\/li>\n<\/ul>\n<p>[cog]<\/p>\n<div>\n<p>Streaming- oder Hybridveranstaltungen \u00fcber das Internet<\/p>\n<\/div>\n<hr>\n<div>\n<p><span>Einbindung\u00a0 von Liveveranstaltungen auf\u00a0 Kundenwebsite.<\/span><\/p>\n<\/div>\n<hr>\n<div>\n<p><span>Interaktive Vernetzung (Chats, Q&amp;A, Umfragen, Many-To-One-Chats etc.)<\/span><\/p>\n<\/div>\n<hr>\n<div>\n<p><span>Zuschalten von Referenten weltweit<\/span><\/p>\n<\/div>\n<p><!--more--><br \/>\n<!-- {\"type\":\"layout\",\"children\":[{\"type\":\"section\",\"props\":{\"style\":\"default\",\"width\":\"default\",\"vertical_align\":\"middle\",\"title_position\":\"top-left\",\"title_rotation\":\"left\",\"title_breakpoint\":\"xl\",\"image_position\":\"center-center\",\"image\":\"wp-content\\\/uploads\\\/2021\\\/09\\\/20210107_TelisFinanz_1.jpg\",\"image_effect\":\"fixed\",\"image_size\":\"width-1-1\",\"image_parallax_bgy_start\":\"30\",\"height\":\"percent\"},\"children\":[{\"type\":\"row\",\"children\":[{\"type\":\"column\",\"props\":{\"image_position\":\"center-center\",\"media_overlay_gradient\":\"\"},\"children\":[{\"type\":\"headline\",\"props\":{\"title_element\":\"h1\",\"content\":\"\n\n<h1 style=\\\"color: white; display: inline-block; background-color: #ebaf1b; padding: 10px;\\\">STREAMING<\\\/h1>\"},\"modified\":\"2021-08-21T07:54:49.684Z\",\"name\":\"Headline neu\"}]}]}],\"modified\":\"2021-09-10T14:42:47.591Z\",\"name\":\"Header neu\"},{\"type\":\"section\",\"props\":{\"style\":\"default\",\"width\":\"default\",\"vertical_align\":\"middle\",\"title_position\":\"top-left\",\"title_rotation\":\"left\",\"title_breakpoint\":\"xl\",\"image_position\":\"center-center\"},\"children\":[{\"type\":\"row\",\"props\":{\"layout\":\"3-4,1-4\"},\"children\":[{\"type\":\"column\",\"props\":{\"image_position\":\"center-center\",\"media_overlay_gradient\":\"\",\"width_medium\":\"3-4\"},\"children\":[{\"type\":\"text\",\"props\":{\"margin\":\"default\",\"column_breakpoint\":\"m\",\"content\":\"\n\n<div class=\\\"ts-wiki-page-content-parent\\\">\\n\n\n<div class=\\\"ts-wiki-page-content\\\">\\n\n\n<div class=\\\"page-sections\\\" role=\\\"application\\\" acc-role-dom=\\\"canvas-section\\\">\\n\n\n<div class=\\\"wiki-section-and-add\\\" ng-repeat=\\\"wikiSection in wikiPageCtrl.canvas.selectedPage.sections\\\"><wiki-section class=\\\"ts-wiki-page-section ts-wiki-page-main-content-width ts-wiki-page-content-background\\\" ng-class=\\\"{'animate': wikiSection === wikiPageCtrl.selectedSection}\\\" data-tid=\\\"canvas-wiki-section-12\\\" section-index=\\\"$index\\\" is-first=\\\"$first\\\" is-last=\\\"$last\\\" on-new-section=\\\"wikiPageCtrl.newSection(toIndex)\\\" wiki-context=\\\"wikiPageCtrl.wikiContext\\\" canvas=\\\"wikiPageCtrl.canvas\\\" section=\\\"wikiSection\\\" page=\\\"wikiPageCtrl.canvas.selectedPage\\\">\\n\n\n<div id=\\\"section-12\\\" class=\\\"ts-wiki-section\\\" ng-class=\\\"{'ts-wiki-section-editing': wikiSection.editing &amp;&amp; wikiSectionCtrl.editorReady, 'ts-wiki-section-locked': wikiSection.locked}\\\" ng-attr-calling-screen-focus=\\\"{{(wikiSectionCtrl.isFirst) ? 'first-section' : undefined}}\\\" simple-focus=\\\"wikiSectionCtrl.constructAriaLabelForSection($event, wikiSection.title)\\\" aria-label=\\\"Letzter Abschnitt: CATERING. Dr\\u00fccken Sie die EINGABETASTE, um den Abschnittstitel zu bearbeiten, die NACH-UNTEN-TASTE f\\u00fcr die Schaltfl\\u00e4che &quot;Neuer Abschnitt&quot; und die ESC-TASTE, um zu vorherigen Men\\u00fc zur\\u00fcckzukehren.\\\" tabindex=\\\"-1\\\">\\n\n\n<div class=\\\"wiki-canvas-inside-section\\\" acc-role-dom=\\\"canvas-inside-section\\\">\\n\n\n<div ng-if=\\\"!wikiSection.editing || !wikiSectionCtrl.editorReady\\\" class=\\\"ts-wiki-section-view\\\"><wiki-viewer identifier=\\\"12\\\" content-title=\\\"wikiSection.title\\\" default-title-loc-key=\\\"wiki_section_default_title\\\" title-aria-loc-key=\\\"aria_wiki_section_title\\\" content-body=\\\"wikiSection.content\\\" on-title-click=\\\"wikiSectionCtrl.handleMouseEvent(event)\\\" on-content-click=\\\"wikiSectionCtrl.handleMouseEvent(event)\\\" should-show-default-cursor=\\\"wikiSection.locked\\\" is-lock-status-visible=\\\"wikiSection.locked &amp;&amp; !wikiSection.editing\\\" wiki-context=\\\"wikiSectionCtrl.wikiContext\\\" image-handler=\\\"wikiSectionCtrl.section.imageHandler\\\">\\n\n\n<div class=\\\"ts-wiki-viewer\\\" ng-class=\\\"{'ts-wiki-viewer-section-locked': wikiSection.locked}\\\">\\n\n\n<div class=\\\"ts-wiki-viewer-content-and-marker\\\">\\n\n\n<div class=\\\"ts-wiki-viewer-content html\\\" ng-class=\\\"::{'default-cursor' : wikiViewerCtrl.shouldShowDefaultCursor}\\\" data-clickable-element=\\\"\\\" simple-focus=\\\"wikiViewerCtrl.setAriaLabelledbyForSectionContent($event)\\\" compile=\\\"wikiViewerCtrl.contentToRender\\\" id=\\\"wiki-viewer-content-12\\\" aria-labelledby=\\\"wiki-viewer-content-12\\\" data-tid=\\\"wiki-viewer-content-12\\\" acc-role-dom=\\\"canvas-inside-section\\\" tabindex=\\\"-1\\\">\\n\n\n<div>\\n\n\n<p>Wir bieten generell die Option Ihre Veranstaltung \\u00fcber das Internet zu streamen.<\\\/p>\\n\n\n<p>Sie k\\u00f6nnen Ihren Kooperationspartner frei w\\u00e4hlen, der hierf\\u00fcr die Streaming-Technik stellt und Ihre speziellen W\\u00fcnsche diesbez\\u00fcglich erf\\u00fcllt.<\\\/p>\\n\n\n<p>Gerne k\\u00f6nnen wir Ihnen Empfehlungen aussprechen und beratend zur Seite stehen.<\\\/p>\\n<\\\/div>\\n<\\\/div>\\n<\\\/div>\\n<\\\/div>\\n<\\\/wiki-viewer><\\\/div>\\n<\\\/div>\\n<\\\/div>\\n<\\\/wiki-section><\\\/div>\\n<\\\/div>\\n<\\\/div>\\n<\\\/div>\"}},{\"type\":\"button\",\"props\":{\"grid_column_gap\":\"small\",\"grid_row_gap\":\"small\",\"margin\":\"default\"},\"children\":[{\"type\":\"button_item\",\"props\":{\"button_style\":\"secondary\",\"icon_align\":\"left\",\"content\":\"JETZT ANFRAGEN\",\"link\":\"https:\\\/\\\/aurelium.de\\\/?page_id=2769#personen\",\"icon\":\"mail\"}}],\"modified\":\"2021-10-08T08:31:34.645Z\",\"name\":\"jetzt anfrage\"},{\"type\":\"gallery\",\"props\":{\"show_title\":false,\"show_meta\":true,\"show_content\":true,\"show_link\":true,\"show_hover_image\":true,\"grid_default\":\"1\",\"grid_medium\":\"\",\"filter_style\":\"tab\",\"filter_all\":true,\"filter_position\":\"top\",\"filter_align\":\"left\",\"filter_grid_width\":\"auto\",\"filter_grid_breakpoint\":\"m\",\"overlay_mode\":\"cover\",\"overlay_hover\":true,\"overlay_style\":\"overlay-primary\",\"text_color\":\"light\",\"overlay_position\":\"center\",\"overlay_transition\":\"fade\",\"title_hover_style\":\"reset\",\"title_element\":\"h3\",\"meta_style\":\"meta\",\"meta_align\":\"below-title\",\"meta_element\":\"div\",\"link_text\":\"Read more\",\"link_style\":\"default\",\"text_align\":\"center\",\"margin\":\"default\",\"item_animation\":true},\"children\":[{\"type\":\"gallery_item\",\"props\":{\"title\":\"20210107_TelisFinanz_4\",\"image\":\"wp-content\\\/uploads\\\/2021\\\/09\\\/20210107_TelisFinanz_4-1.jpg\"}},{\"type\":\"gallery_item\",\"props\":{\"title\":\"20210107_TelisFinanz_3\",\"image\":\"wp-content\\\/uploads\\\/2021\\\/09\\\/20210107_TelisFinanz_3-1.jpg\"}},{\"type\":\"gallery_item\",\"props\":{\"image\":\"wp-content\\\/uploads\\\/2021\\\/10\\\/Saal-AB_Teilstreaming-scaled.jpg\"}},{\"type\":\"gallery_item\",\"props\":{\"image\":\"wp-content\\\/uploads\\\/2021\\\/10\\\/20210107_TelisFinanz_2.jpg\"}}]}]},{\"type\":\"column\",\"props\":{\"image_position\":\"center-center\",\"media_overlay_gradient\":\"\",\"width_medium\":\"1-4\",\"style\":\"secondary\"},\"children\":[{\"type\":\"icon\",\"props\":{\"icon_width\":60,\"margin\":\"default\",\"icon\":\"cog\",\"text_align\":\"center\"}},{\"type\":\"text\",\"props\":{\"margin\":\"default\",\"column_breakpoint\":\"m\",\"content\":\"\n\n<p>Streaming- oder Hybridveranstaltungen \\u00fcber das Internet<\\\/p>\"}},{\"type\":\"divider\",\"props\":{\"divider_element\":\"hr\"}},{\"type\":\"text\",\"props\":{\"margin\":\"default\",\"column_breakpoint\":\"m\",\"content\":\"\n\n<p><span>Einbindung\\u00a0 von Liveveranstaltungen auf\\u00a0 Kundenwebsite.<\\\/span><\\\/p>\"}},{\"type\":\"divider\",\"props\":{\"divider_element\":\"hr\"}},{\"type\":\"text\",\"props\":{\"margin\":\"default\",\"column_breakpoint\":\"m\",\"content\":\"\n\n<p><span>Interaktive Vernetzung (Chats, Q&amp;A, Umfragen, Many-To-One-Chats etc.)<\\\/span><\\\/p>\"}},{\"type\":\"divider\",\"props\":{\"divider_element\":\"hr\"}},{\"type\":\"text\",\"props\":{\"margin\":\"default\",\"column_breakpoint\":\"m\",\"content\":\"\n\n<p><span>Zuschalten von Referenten weltweit<\\\/span><\\\/p>\"}}]}]}]}],\"version\":\"2.6.3\"} --><\/p>\n","protected":false},"excerpt":{"rendered":"<p>STREAMING Wir bieten generell die Option Ihre Veranstaltung \u00fcber das Internet zu streamen. Sie k\u00f6nnen Ihren Kooperationspartner frei w\u00e4hlen, der hierf\u00fcr die Streaming-Technik stellt und Ihre speziellen W\u00fcnsche diesbez\u00fcglich erf\u00fcllt. Gerne k\u00f6nnen wir Ihnen Empfehlungen aussprechen und beratend zur Seite stehen. JETZT ANFRAGEN 20210107_TelisFinanz_4 20210107_TelisFinanz_3 [cog] Streaming- oder Hybridveranstaltungen \u00fcber das Internet Einbindung\u00a0 von Liveveranstaltungen [&hellip;]<\/p>\n","protected":false},"author":1,"featured_media":0,"parent":0,"menu_order":0,"comment_status":"closed","ping_status":"closed","template":"","meta":{"_acf_changed":false,"footnotes":""},"class_list":["post-1952","page","type-page","status-publish","hentry"],"acf":[],"publishpress_future_workflow_manual_trigger":{"enabledWorkflows":[]},"_links":{"self":[{"href":"https:\/\/aurelium.de\/index.php?rest_route=\/wp\/v2\/pages\/1952","targetHints":{"allow":["GET"]}}],"collection":[{"href":"https:\/\/aurelium.de\/index.php?rest_route=\/wp\/v2\/pages"}],"about":[{"href":"https:\/\/aurelium.de\/index.php?rest_route=\/wp\/v2\/types\/page"}],"author":[{"embeddable":true,"href":"https:\/\/aurelium.de\/index.php?rest_route=\/wp\/v2\/users\/1"}],"replies":[{"embeddable":true,"href":"https:\/\/aurelium.de\/index.php?rest_route=%2Fwp%2Fv2%2Fcomments&post=1952"}],"version-history":[{"count":31,"href":"https:\/\/aurelium.de\/index.php?rest_route=\/wp\/v2\/pages\/1952\/revisions"}],"predecessor-version":[{"id":3922,"href":"https:\/\/aurelium.de\/index.php?rest_route=\/wp\/v2\/pages\/1952\/revisions\/3922"}],"wp:attachment":[{"href":"https:\/\/aurelium.de\/index.php?rest_route=%2Fwp%2Fv2%2Fmedia&parent=1952"}],"curies":[{"name":"wp","href":"https:\/\/api.w.org\/{rel}","templated":true}]}}