{"id":1951,"date":"2021-08-27T05:51:03","date_gmt":"2021-08-27T05:51:03","guid":{"rendered":"https:\/\/aurelium.label-3.com\/?page_id=1951"},"modified":"2022-01-25T09:21:56","modified_gmt":"2022-01-25T09:21:56","slug":"catering","status":"publish","type":"page","link":"https:\/\/aurelium.de\/?page_id=1951","title":{"rendered":"CATERING"},"content":{"rendered":"<h1>\n<h1 style=\"color: white; display: inline-block; background-color:#ebaf1b; padding: 10px;\">CATERING<\/h1>\n<\/h1>\n<div>\n<p>Hierbei richten wir uns ganz nach Ihren individuellen Bed\u00fcrfnissen.<\/p>\n<p>Sie k\u00f6nnen Ihren Caterer selbst mitbringen \u2013 eine sehr gut ausgestattete Catering-K\u00fcche steht zur Verf\u00fcgung.<\/p>\n<p>Selbstverst\u00e4ndlich geben wir auf Wunsch auch Empfehlungen ab. Durch unsere erfahrenen Caterer haben Sie stets professionelle Unterst\u00fctzung bei der Gestaltung &#8222;Ihres&#8220; Tages.<\/p>\n<p>Das AURELIUM verf\u00fcgt \u00fcber ein vielf\u00e4ltiges Getr\u00e4nkeangebot unserer eigens angeschlossenen regionalen Brauerei, welches wir jederzeit Ihrer Veranstaltung anpassen.<\/p>\n<\/p>\n<p>Somit bleibt Ihre Veranstaltung in bester Erinnerung!<\/p>\n<\/div>\n<p>\n    <a href=\"https:\/\/aurelium.de\/?page_id=2769#personen\">JETZT ANFRAGEN<\/a>\n<\/p>\n<ul>\n<li>\n<p>        <img decoding=\"async\" src=\"\/wp-content\/uploads\/2021\/09\/DSC_2172.jpg\" alt=\"\"><\/p>\n<\/li>\n<li>\n<p>        <img decoding=\"async\" src=\"\/wp-content\/uploads\/2021\/10\/DSC_2167.jpg\" alt=\"\"><\/p>\n<\/li>\n<li>\n<p>        <img decoding=\"async\" src=\"\/wp-content\/uploads\/2021\/10\/DSC_2170.jpg\" alt=\"\"><\/p>\n<\/li>\n<\/ul>\n<div>\n<p>FESTE SOLL MAN FEIERN WIE SIE FALLEN, HEISST ES.<\/p>\n<p>&#8230; und f\u00fcr ein gelungene Veranstaltung ist der kulinarische Genuss unverzichtbar.<\/p>\n<\/div>\n<p><!--more--><br \/>\n<!-- {\"name\":\"site\",\"type\":\"layout\",\"children\":[{\"type\":\"section\",\"props\":{\"style\":\"default\",\"width\":\"default\",\"vertical_align\":\"middle\",\"title_position\":\"top-left\",\"title_rotation\":\"left\",\"title_breakpoint\":\"xl\",\"image_position\":\"center-center\",\"image\":\"wp-content\\\/uploads\\\/2021\\\/10\\\/DSC_2540_bearb-scaled.jpg\",\"image_effect\":\"fixed\",\"image_size\":\"width-1-1\",\"image_parallax_bgy_start\":\"30\",\"height\":\"percent\"},\"children\":[{\"type\":\"row\",\"children\":[{\"type\":\"column\",\"props\":{\"image_position\":\"center-center\",\"media_overlay_gradient\":\"\"},\"children\":[{\"type\":\"headline\",\"props\":{\"title_element\":\"h1\",\"content\":\"\n\n<h1 style=\\\"color: white; display: inline-block; background-color:#ebaf1b; padding: 10px;\\\">CATERING<\\\/h1>\"},\"modified\":\"2021-08-21T07:54:49.684Z\",\"name\":\"Headline neu\"}]}]}],\"modified\":\"2021-09-10T14:42:47.591Z\",\"name\":\"Header neu\"},{\"type\":\"section\",\"props\":{\"style\":\"default\",\"width\":\"default\",\"vertical_align\":\"middle\",\"title_position\":\"top-left\",\"title_rotation\":\"left\",\"title_breakpoint\":\"xl\",\"image_position\":\"center-center\"},\"children\":[{\"type\":\"row\",\"props\":{\"layout\":\"3-4,1-4\"},\"children\":[{\"type\":\"column\",\"props\":{\"image_position\":\"center-center\",\"media_overlay_gradient\":\"\",\"width_medium\":\"3-4\"},\"children\":[{\"type\":\"text\",\"props\":{\"margin\":\"default\",\"column_breakpoint\":\"m\",\"content\":\"\n\n<p><\\\/p>\\n\n\n<p>Hierbei richten wir uns ganz nach Ihren individuellen Bed\\u00fcrfnissen.<\\\/p>\\n\n\n<p>Sie k\\u00f6nnen Ihren Caterer selbst mitbringen \\u2013 eine sehr gut ausgestattete Catering-K\\u00fcche steht zur Verf\\u00fcgung.<\\\/p>\\n\n\n<p>Selbstverst\\u00e4ndlich geben wir auf Wunsch auch Empfehlungen ab. Durch unsere erfahrenen Caterer haben Sie stets professionelle Unterst\\u00fctzung bei der Gestaltung \\\"Ihres\\\" Tages.<\\\/p>\\n\n\n<p>Das AURELIUM verf\\u00fcgt \\u00fcber ein vielf\\u00e4ltiges Getr\\u00e4nkeangebot unserer eigens angeschlossenen regionalen Brauerei, welches wir jederzeit Ihrer Veranstaltung anpassen.<\\\/p>\\n\n\n<p><\\\/p>\\n\n\n<p>Somit bleibt Ihre Veranstaltung in bester Erinnerung!<\\\/p>\"}},{\"type\":\"button\",\"props\":{\"grid_column_gap\":\"small\",\"grid_row_gap\":\"small\",\"margin\":\"default\"},\"children\":[{\"type\":\"button_item\",\"props\":{\"button_style\":\"secondary\",\"icon_align\":\"left\",\"content\":\"JETZT ANFRAGEN\",\"link\":\"https:\\\/\\\/aurelium.de\\\/?page_id=2769#personen\",\"icon\":\"mail\"}}],\"modified\":\"2021-10-08T08:31:34.645Z\",\"name\":\"jetzt anfrage\"},{\"type\":\"gallery\",\"props\":{\"show_title\":false,\"show_meta\":true,\"show_content\":true,\"show_link\":true,\"show_hover_image\":true,\"grid_default\":\"1\",\"grid_medium\":\"\",\"filter_style\":\"tab\",\"filter_all\":true,\"filter_position\":\"top\",\"filter_align\":\"left\",\"filter_grid_width\":\"auto\",\"filter_grid_breakpoint\":\"m\",\"overlay_mode\":\"cover\",\"overlay_hover\":true,\"overlay_style\":\"overlay-default\",\"text_color\":\"light\",\"overlay_position\":\"center\",\"overlay_transition\":\"fade\",\"title_hover_style\":\"reset\",\"title_element\":\"h3\",\"meta_style\":\"meta\",\"meta_align\":\"below-title\",\"meta_element\":\"div\",\"link_text\":\"\",\"link_style\":\"default\",\"text_align\":\"center\",\"margin\":\"default\",\"item_animation\":true,\"lightbox\":true,\"link_size\":\"small\",\"overlay_link\":true},\"children\":[{\"type\":\"gallery_item\",\"props\":{\"image\":\"wp-content\\\/uploads\\\/2021\\\/09\\\/DSC_2172.jpg\"}},{\"type\":\"gallery_item\",\"props\":{\"image\":\"wp-content\\\/uploads\\\/2021\\\/10\\\/DSC_2167.jpg\"}},{\"type\":\"gallery_item\",\"props\":{\"image\":\"wp-content\\\/uploads\\\/2021\\\/10\\\/DSC_2170.jpg\"}}]}]},{\"type\":\"column\",\"props\":{\"image_position\":\"center-center\",\"media_overlay_gradient\":\"\",\"width_medium\":\"1-4\",\"style\":\"secondary\"},\"children\":[{\"type\":\"icon\",\"props\":{\"icon_width\":60,\"margin\":\"default\",\"text_align\":\"center\"}},{\"type\":\"text\",\"props\":{\"margin\":\"default\",\"column_breakpoint\":\"m\",\"content\":\"\n\n<p><\\\/p>\\n\n\n<p>FESTE SOLL MAN FEIERN WIE SIE FALLEN, HEISST ES.<\\\/p>\\n\n\n<p>... und f\\u00fcr ein gelungene Veranstaltung ist der kulinarische Genuss unverzichtbar.<\\\/p>\"}}]}]}]}],\"version\":\"2.6.3\"} --><\/p>\n","protected":false},"excerpt":{"rendered":"<p>CATERING Hierbei richten wir uns ganz nach Ihren individuellen Bed\u00fcrfnissen. Sie k\u00f6nnen Ihren Caterer selbst mitbringen \u2013 eine sehr gut ausgestattete Catering-K\u00fcche steht zur Verf\u00fcgung. Selbstverst\u00e4ndlich geben wir auf Wunsch auch Empfehlungen ab. Durch unsere erfahrenen Caterer haben Sie stets professionelle Unterst\u00fctzung bei der Gestaltung &#8222;Ihres&#8220; Tages. Das AURELIUM verf\u00fcgt \u00fcber ein vielf\u00e4ltiges Getr\u00e4nkeangebot unserer [&hellip;]<\/p>\n","protected":false},"author":1,"featured_media":0,"parent":0,"menu_order":0,"comment_status":"closed","ping_status":"closed","template":"","meta":{"_acf_changed":false,"footnotes":""},"class_list":["post-1951","page","type-page","status-publish","hentry"],"acf":[],"publishpress_future_workflow_manual_trigger":{"enabledWorkflows":[]},"_links":{"self":[{"href":"https:\/\/aurelium.de\/index.php?rest_route=\/wp\/v2\/pages\/1951","targetHints":{"allow":["GET"]}}],"collection":[{"href":"https:\/\/aurelium.de\/index.php?rest_route=\/wp\/v2\/pages"}],"about":[{"href":"https:\/\/aurelium.de\/index.php?rest_route=\/wp\/v2\/types\/page"}],"author":[{"embeddable":true,"href":"https:\/\/aurelium.de\/index.php?rest_route=\/wp\/v2\/users\/1"}],"replies":[{"embeddable":true,"href":"https:\/\/aurelium.de\/index.php?rest_route=%2Fwp%2Fv2%2Fcomments&post=1951"}],"version-history":[{"count":37,"href":"https:\/\/aurelium.de\/index.php?rest_route=\/wp\/v2\/pages\/1951\/revisions"}],"predecessor-version":[{"id":3923,"href":"https:\/\/aurelium.de\/index.php?rest_route=\/wp\/v2\/pages\/1951\/revisions\/3923"}],"wp:attachment":[{"href":"https:\/\/aurelium.de\/index.php?rest_route=%2Fwp%2Fv2%2Fmedia&parent=1951"}],"curies":[{"name":"wp","href":"https:\/\/api.w.org\/{rel}","templated":true}]}}