{"id":1950,"date":"2021-08-27T05:51:03","date_gmt":"2021-08-27T05:51:03","guid":{"rendered":"https:\/\/aurelium.label-3.com\/?page_id=1950"},"modified":"2022-01-10T11:22:24","modified_gmt":"2022-01-10T11:22:24","slug":"raeumlichkeiten","status":"publish","type":"page","link":"https:\/\/aurelium.de\/?page_id=1950","title":{"rendered":"R\u00c4UMLICHKEITEN"},"content":{"rendered":"<h1>\n<h1 style=\"color: white; display: inline-block; background-color: #ebaf1b; padding: 10px;\">AURELIUM &#8211; ERSTKLASSIGE R\u00c4UME<\/h1>\n<\/h1>\n<div>\n<p><strong>AURELIUM \u2013 ERSTKLASSIGE R\u00c4UME F\u00dcR IHRE VERANSTALTUNG<\/strong><\/p>\n<p>F\u00fcr Firmenveranstaltungen bietet das AURELIUM in Lappersdorf alles, was man sich nur w\u00fcnschen kann: eine erstklassige Lage mit bester Verkehrsanbindung, technische Ausstattung auf dem neuesten Stand und ein Ambiente, das gepr\u00e4gt ist von au\u00dfergew\u00f6hnlicher Architektur.<\/p>\n<p>Helle R\u00e4ume, viel Glas, ein bemerkenswertes Erscheinungsbild und maximaler Komfort bei Veranstaltungstechnik und Catering bieten Raum f\u00fcr Veranstaltungen, die bei Ihren G\u00e4sten, Kunden und Mitarbeitern einen bleibenden Eindruck hinterlassen werden.<\/p>\n<p>In k\u00fcrzester Zeit hat sich das AURELIUM als Ort der Begegnung und hochkar\u00e4tiger Veranstaltungen im ostbayerischen Raum etabliert. Die B\u00fchne wird gerne von Konzertveranstaltern f\u00fcr ein exquisites Kunst- und Kulturangebot gebucht. Ob Klassik, Jazz, Pop oder darstellende Kunst, bedeutende K\u00fcnstler f\u00fchlen sich im AURELIUM zu Hause. Auch f\u00fcr Firmen und Unternehmen ist das AURELIUM ein Ort, der Veranstaltungen den geb\u00fchrenden Glanz und das \u201egewisse Etwas\u201c verleiht.<\/p>\n<p>Passende R\u00e4umlichkeiten f\u00fcr eine Konferenz oder ein Firmenevent zu finden ist heute Gold wert. Das AURELIUM im Markt Lappersdorf erf\u00fcllt dies bez\u00fcglich alle W\u00fcnsche. Das AURELIUM gl\u00e4nzt nicht nur durch sein spektakul\u00e4res architektonisches Erscheinungsbild mit goldener Fassadengestaltung; das Veranstaltungs- und Begegnungszentrum bietet zudem auch ein durchdachtes, anpassungsf\u00e4higes und bestens ausgestattetes Raumangebot f\u00fcr Veranstaltungen jeglicher Art. Vom \u201ekleinen\u201c Workshop bis hin zum Kongress mit mehreren hundert Teilnehmern: Das Platzangebot im AURELIUM ist ausreichend f\u00fcr bis zu 600 Personen (bei Reihenbestuhlung im gro\u00dfen Saal)<\/p>\n<\/div>\n<h1>\n<h1 style=\"color: white; display: inline-block; background-color: #ebaf1b; padding: 10px;\">GRUNDRISS EG<\/h1>\n<\/h1>\n<p><img decoding=\"async\" src=\"\/wp-content\/uploads\/2021\/11\/Grundriss_EG_1_neueFarbe_kl.jpg\" alt=\"\"><\/p>\n<ul>\n<li>\n<p>        <img decoding=\"async\" src=\"\/wp-content\/uploads\/2021\/10\/Saal-C_Parlamentarisch-1.jpg\" alt=\"\"><\/p>\n<h3>SAAL C<\/h3>\n<div>\n<p>Der attraktive smarte Saal mit direkten Zugang zum Foyer l\u00e4sst auch kleinere Veranstaltungen gl\u00e4nzen.<\/p>\n<\/div>\n<p><a href=\"\/index.php?page_id=2486\">DETAILS<\/a><\/p>\n<\/li>\n<li>\n<p>        <img decoding=\"async\" src=\"\/wp-content\/uploads\/2021\/08\/1612837_cs6_Vorschau-1.jpg\" alt=\"\"><\/p>\n<h3>SAAL ABC<\/h3>\n<div>\n<p>Der imposante gro\u00dfz\u00fcgige Saal l\u00e4sst sich problemlos durch eine Trennwand unterteilen und ist mit einer h\u00f6henverstellbaren B\u00fchne (Gr\u00f6\u00dfe ca. 11mx6m) ausgestattet.<\/p>\n<p>Auf Wunsch steht der hauseigene Konzertfl\u00fcgel aus dem Hause Steingraeber &amp; S\u00f6hne (D 232) zur Verf\u00fcgung.<\/p>\n<\/div>\n<p><a href=\"\/index.php?page_id=2095\">DETAILS<\/a><\/p>\n<\/li>\n<li>\n<p>        <img decoding=\"async\" src=\"\/wp-content\/uploads\/2021\/08\/1613-scaled.jpg\" alt=\"\"><\/p>\n<h3>SAAL AB<\/h3>\n<div>\n<p>Der variationsreiche Saal ist mit hohen Panoramafenstern ausgestattet, die einen Blick ins Gr\u00fcne erm\u00f6glichen und bietet durch seine B\u00fchne zahlreiche M\u00f6glichkeiten f\u00fcr eine gelungene Veranstaltung.<\/p>\n<\/div>\n<p><a href=\"\/index.php?page_id=2479\">DETAILS<\/a><\/p>\n<\/li>\n<li>\n<p>        <img decoding=\"async\" src=\"\/wp-content\/uploads\/2021\/10\/DSC_2540_bearb-scaled.jpg\" alt=\"\"><\/p>\n<h3>GASTRONOMIE<\/h3>\n<\/li>\n<li>\n<p>        <img decoding=\"async\" src=\"\/wp-content\/uploads\/2021\/08\/1612920_cs6_Vorschau.jpg\" alt=\"\"><\/p>\n<h3>FOYER<\/h3>\n<div>\n<p>Das lichtdurchflutete gro\u00dfz\u00fcgige Foyer besticht durch seine ausgesuchten Designelemente und ist das perfekte Entree f\u00fcr Ihre Veranstaltung.<\/p>\n<p>Es bietet einen wundervollen Blick auf die vorgelagerte Sonnenterrasse mit Brunnen.<\/p>\n<\/div>\n<p><a href=\"\/index.php?page_id=2498\">DETAILS<\/a><\/p>\n<\/li>\n<\/ul>\n<p>\n    <a href=\"\/wp-content\/uploads\/2021\/12\/Grundriss_EG.pdf\">Grundri\u00df EG mit genauen Ma\u00dfangaben als PDF \u00f6ffnen<\/a>\n<\/p>\n<h1>\n<h1 style=\"color: white; display: inline-block; background-color: #ebaf1b; padding: 10px;\">GRUNDRISS 1. OG<\/h1>\n<\/h1>\n<p><img decoding=\"async\" src=\"\/wp-content\/uploads\/2021\/11\/Raum-Regina-32_neueFarbe_kl.jpg\" alt=\"\"><\/p>\n<div>\n<p>    <img decoding=\"async\" src=\"\/wp-content\/uploads\/2021\/10\/1613386_cs6_Vorschau.jpg\" alt=\"\"><\/p>\n<h3>RAUM REGINA<\/h3>\n<div>\n<p>Der attraktiv ausgestattete helle Raum bietet optimale Voraussetzungen f\u00fcr Workshops, Seminare und Meetings. Er verf\u00fcgt \u00fcber einen separaten Aufgang, eigene Garderobe und eine abtrennbare K\u00fcchenzeile.<\/p>\n<\/div>\n<p><a href=\"\/?page_id=2488\">Details<\/a><\/p>\n<\/div>\n<p>\n    <a href=\"\/wp-content\/uploads\/2021\/12\/Raum-Regina-32.pdf\">Raum Regina mit genauen Ma\u00dfangaben als PDF \u00f6ffnen<\/a>\n<\/p>\n<h1>\n<h1 style=\"color: white; display: inline-block; background-color: #ebaf1b; padding: 10px;\">GRUNDRISS 2. OG<\/h1>\n<\/h1>\n<p><img decoding=\"async\" src=\"\/wp-content\/uploads\/2021\/11\/EBENE-2_Raum_anger_kl.jpg\" alt=\"\"><\/p>\n<div>\n<p>    <img decoding=\"async\" src=\"\/wp-content\/uploads\/2021\/10\/1612882_cs6_Vorschau-1.jpg\" alt=\"\"><\/p>\n<h3>RAUM ANGER<\/h3>\n<div>\n<p><span>Der freundlich einladende Raum bietet das ideale Ambiente f\u00fcr kleinere Seminare, Workshops und Meetings.<\/span><\/p>\n<\/div>\n<p><a href=\"\/?page_id=2494\">Details<\/a><\/p>\n<\/div>\n<p><!--more--><br \/>\n<!-- {\"type\":\"layout\",\"children\":[{\"type\":\"section\",\"props\":{\"style\":\"default\",\"width\":\"default\",\"vertical_align\":\"middle\",\"title_position\":\"top-left\",\"title_rotation\":\"left\",\"title_breakpoint\":\"xl\",\"image_position\":\"center-center\"},\"children\":[{\"type\":\"row\",\"children\":[{\"type\":\"column\",\"props\":{\"image_position\":\"center-center\",\"media_overlay_gradient\":\"\"},\"children\":[{\"type\":\"headline\",\"props\":{\"title_element\":\"h1\",\"content\":\"\n\n<h1 style=\\\"color: white; display: inline-block; background-color: #ebaf1b; padding: 10px;\\\">AURELIUM - ERSTKLASSIGE R\\u00c4UME<\\\/h1>\"}},{\"type\":\"text\",\"props\":{\"margin\":\"default\",\"column_breakpoint\":\"m\",\"content\":\"\n\n<p><strong>AURELIUM \\u2013 ERSTKLASSIGE R\\u00c4UME F\\u00dcR IHRE VERANSTALTUNG<\\\/strong><\\\/p>\\n\n\n<p>F\\u00fcr Firmenveranstaltungen bietet das AURELIUM in Lappersdorf alles, was man sich nur w\\u00fcnschen kann: eine erstklassige Lage mit bester Verkehrsanbindung, technische Ausstattung auf dem neuesten Stand und ein Ambiente, das gepr\\u00e4gt ist von au\\u00dfergew\\u00f6hnlicher Architektur.<\\\/p>\\n\n\n<p>Helle R\\u00e4ume, viel Glas, ein bemerkenswertes Erscheinungsbild und maximaler Komfort bei Veranstaltungstechnik und Catering bieten Raum f\\u00fcr Veranstaltungen, die bei Ihren G\\u00e4sten, Kunden und Mitarbeitern einen bleibenden Eindruck hinterlassen werden.<\\\/p>\\n\n\n<p>In k\\u00fcrzester Zeit hat sich das AURELIUM als Ort der Begegnung und hochkar\\u00e4tiger Veranstaltungen im ostbayerischen Raum etabliert. Die B\\u00fchne wird gerne von Konzertveranstaltern f\\u00fcr ein exquisites Kunst- und Kulturangebot gebucht. Ob Klassik, Jazz, Pop oder darstellende Kunst, bedeutende K\\u00fcnstler f\\u00fchlen sich im AURELIUM zu Hause. Auch f\\u00fcr Firmen und Unternehmen ist das AURELIUM ein Ort, der Veranstaltungen den geb\\u00fchrenden Glanz und das \\u201egewisse Etwas\\u201c verleiht.<\\\/p>\\n\n\n<p>Passende R\\u00e4umlichkeiten f\\u00fcr eine Konferenz oder ein Firmenevent zu finden ist heute Gold wert. Das AURELIUM im Markt Lappersdorf erf\\u00fcllt dies bez\\u00fcglich alle W\\u00fcnsche. Das AURELIUM gl\\u00e4nzt nicht nur durch sein spektakul\\u00e4res architektonisches Erscheinungsbild mit goldener Fassadengestaltung; das Veranstaltungs- und Begegnungszentrum bietet zudem auch ein durchdachtes, anpassungsf\\u00e4higes und bestens ausgestattetes Raumangebot f\\u00fcr Veranstaltungen jeglicher Art. Vom \\u201ekleinen\\u201c Workshop bis hin zum Kongress mit mehreren hundert Teilnehmern: Das Platzangebot im AURELIUM ist ausreichend f\\u00fcr bis zu 600 Personen (bei Reihenbestuhlung im gro\\u00dfen Saal)<\\\/p>\"}}]}]}]},{\"type\":\"section\",\"props\":{\"style\":\"secondary\",\"width\":\"default\",\"vertical_align\":\"middle\",\"title_position\":\"top-left\",\"title_rotation\":\"left\",\"title_breakpoint\":\"xl\",\"image_position\":\"center-center\"},\"children\":[{\"type\":\"row\",\"children\":[{\"type\":\"column\",\"props\":{\"image_position\":\"center-center\",\"media_overlay_gradient\":\"\"},\"children\":[{\"type\":\"headline\",\"props\":{\"title_element\":\"h1\",\"content\":\"\n\n<h1 style=\\\"color: white; display: inline-block; background-color: #ebaf1b; padding: 10px;\\\">GRUNDRISS EG<\\\/h1>\"}},{\"type\":\"popover\",\"props\":{\"show_title\":true,\"show_meta\":true,\"show_content\":true,\"show_image\":true,\"show_link\":true,\"icon\":\"plus\",\"drop_mode\":\"hover\",\"drop_position\":\"top-center\",\"card_style\":\"secondary\",\"title_hover_style\":\"reset\",\"title_element\":\"h3\",\"meta_style\":\"meta\",\"meta_align\":\"below-title\",\"meta_element\":\"div\",\"image_card_padding\":true,\"image_svg_color\":\"emphasis\",\"link_text\":\"DETAILS\",\"link_style\":\"default\",\"margin\":\"default\",\"background_image\":\"wp-content\\\/uploads\\\/2021\\\/11\\\/Grundriss_EG_1_neueFarbe_kl.jpg\",\"link_size\":\"small\",\"drop_width\":\"400\",\"card_link\":true},\"children\":[{\"type\":\"popover_item\",\"props\":{\"position_x\":\"14\",\"position_y\":\"40\",\"title\":\"SAAL C\",\"content\":\"\n\n<p>Der attraktive smarte Saal mit direkten Zugang zum Foyer l\\u00e4sst auch kleinere Veranstaltungen gl\\u00e4nzen.<\\\/p>\",\"link\":\"index.php?page_id=2486\",\"image\":\"wp-content\\\/uploads\\\/2021\\\/10\\\/Saal-C_Parlamentarisch-1.jpg\"}},{\"type\":\"popover_item\",\"props\":{\"position_x\":\"26\",\"position_y\":\"23\",\"content\":\"\n\n<p>Der imposante gro\\u00dfz\\u00fcgige Saal l\\u00e4sst sich problemlos durch eine Trennwand unterteilen und ist mit einer h\\u00f6henverstellbaren B\\u00fchne (Gr\\u00f6\\u00dfe ca. 11mx6m) ausgestattet.<\\\/p>\\n\n\n<p>Auf Wunsch steht der hauseigene Konzertfl\\u00fcgel aus dem Hause Steingraeber &amp; S\\u00f6hne (D 232) zur Verf\\u00fcgung.<\\\/p>\",\"title\":\"SAAL ABC\",\"image\":\"wp-content\\\/uploads\\\/2021\\\/08\\\/1612837_cs6_Vorschau-1.jpg\",\"link\":\"index.php?page_id=2095\",\"drop_position\":\"bottom-center\"}},{\"type\":\"popover_item\",\"props\":{\"position_x\":\"42\",\"position_y\":\"40\",\"content\":\"\n\n<p>Der variationsreiche Saal ist mit hohen Panoramafenstern ausgestattet, die einen Blick ins Gr\\u00fcne erm\\u00f6glichen und bietet durch seine B\\u00fchne zahlreiche M\\u00f6glichkeiten f\\u00fcr eine gelungene Veranstaltung.<\\\/p>\",\"title\":\"SAAL AB\",\"link\":\"index.php?page_id=2479\",\"image\":\"wp-content\\\/uploads\\\/2021\\\/08\\\/1613-scaled.jpg\"}},{\"type\":\"popover_item\",\"props\":{\"position_x\":\"79\",\"position_y\":\"56\",\"title\":\"GASTRONOMIE\",\"image\":\"wp-content\\\/uploads\\\/2021\\\/10\\\/DSC_2540_bearb-scaled.jpg\"}},{\"type\":\"popover_item\",\"props\":{\"position_x\":\"58\",\"position_y\":\"74\",\"content\":\"\n\n<p>Das lichtdurchflutete gro\\u00dfz\\u00fcgige Foyer besticht durch seine ausgesuchten Designelemente und ist das perfekte Entree f\\u00fcr Ihre Veranstaltung.<\\\/p>\\n\n\n<p>Es bietet einen wundervollen Blick auf die vorgelagerte Sonnenterrasse mit Brunnen.<\\\/p>\",\"title\":\"FOYER\",\"image\":\"wp-content\\\/uploads\\\/2021\\\/08\\\/1612920_cs6_Vorschau.jpg\",\"link\":\"index.php?page_id=2498\"}}]},{\"type\":\"button\",\"props\":{\"grid_column_gap\":\"small\",\"grid_row_gap\":\"small\",\"margin\":\"default\"},\"children\":[{\"type\":\"button_item\",\"props\":{\"button_style\":\"default\",\"icon_align\":\"left\",\"content\":\"Grundri\\u00df EG mit genauen Ma\\u00dfangaben als PDF \\u00f6ffnen\",\"link\":\"wp-content\\\/uploads\\\/2021\\\/12\\\/Grundriss_EG.pdf\",\"icon\":\"file-pdf\"}}]},{\"type\":\"headline\",\"props\":{\"title_element\":\"h1\",\"content\":\"\n\n<h1 style=\\\"color: white; display: inline-block; background-color: #ebaf1b; padding: 10px;\\\">GRUNDRISS 1. OG<\\\/h1>\"}},{\"type\":\"popover\",\"props\":{\"show_title\":true,\"show_meta\":true,\"show_content\":true,\"show_image\":true,\"show_link\":true,\"icon\":\"plus\",\"drop_mode\":\"hover\",\"drop_position\":\"top-center\",\"card_style\":\"secondary\",\"title_hover_style\":\"reset\",\"title_element\":\"h3\",\"meta_style\":\"meta\",\"meta_align\":\"below-title\",\"meta_element\":\"div\",\"image_card_padding\":true,\"image_svg_color\":\"emphasis\",\"link_text\":\"Details\",\"link_style\":\"default\",\"margin\":\"default\",\"background_image\":\"wp-content\\\/uploads\\\/2021\\\/11\\\/Raum-Regina-32_neueFarbe_kl.jpg\",\"link_size\":\"small\"},\"children\":[{\"type\":\"popover_item\",\"props\":{\"position_x\":\"81\",\"position_y\":\"33\",\"title\":\"RAUM REGINA\",\"content\":\"\n\n<p>Der attraktiv ausgestattete helle Raum bietet optimale Voraussetzungen f\\u00fcr Workshops, Seminare und Meetings. Er verf\\u00fcgt \\u00fcber einen separaten Aufgang, eigene Garderobe und eine abtrennbare K\\u00fcchenzeile.<\\\/p>\",\"image\":\"\\\/wp-content\\\/uploads\\\/2021\\\/10\\\/1613386_cs6_Vorschau.jpg\",\"link\":\"\\\/?page_id=2488\"}}]},{\"type\":\"button\",\"props\":{\"grid_column_gap\":\"small\",\"grid_row_gap\":\"small\",\"margin\":\"default\"},\"children\":[{\"type\":\"button_item\",\"props\":{\"button_style\":\"default\",\"icon_align\":\"left\",\"content\":\"Raum Regina mit genauen Ma\\u00dfangaben als PDF \\u00f6ffnen\",\"link\":\"wp-content\\\/uploads\\\/2021\\\/12\\\/Raum-Regina-32.pdf\",\"icon\":\"file-pdf\"}}]},{\"type\":\"headline\",\"props\":{\"title_element\":\"h1\",\"content\":\"\n\n<h1 style=\\\"color: white; display: inline-block; background-color: #ebaf1b; padding: 10px;\\\">GRUNDRISS 2. OG<\\\/h1>\"}},{\"type\":\"popover\",\"props\":{\"show_title\":true,\"show_meta\":true,\"show_content\":true,\"show_image\":true,\"show_link\":true,\"icon\":\"plus\",\"drop_mode\":\"hover\",\"drop_position\":\"top-center\",\"card_style\":\"secondary\",\"title_hover_style\":\"reset\",\"title_element\":\"h3\",\"meta_style\":\"meta\",\"meta_align\":\"below-title\",\"meta_element\":\"div\",\"image_card_padding\":true,\"image_svg_color\":\"emphasis\",\"link_text\":\"Details\",\"link_style\":\"default\",\"margin\":\"default\",\"background_image\":\"wp-content\\\/uploads\\\/2021\\\/11\\\/EBENE-2_Raum_anger_kl.jpg\",\"link_size\":\"small\"},\"children\":[{\"type\":\"popover_item\",\"props\":{\"position_x\":\"90\",\"position_y\":\"39\",\"title\":\"RAUM ANGER\",\"content\":\"\n\n<p><span>Der freundlich einladende Raum bietet das ideale Ambiente f\\u00fcr kleinere Seminare, Workshops und Meetings.<\\\/span><\\\/p>\",\"image\":\"wp-content\\\/uploads\\\/2021\\\/10\\\/1612882_cs6_Vorschau-1.jpg\",\"link\":\"\\\/?page_id=2494\"}}]}]}]}]}],\"version\":\"2.6.3\"} --><\/p>\n","protected":false},"excerpt":{"rendered":"<p>AURELIUM &#8211; ERSTKLASSIGE R\u00c4UME AURELIUM \u2013 ERSTKLASSIGE R\u00c4UME F\u00dcR IHRE VERANSTALTUNG F\u00fcr Firmenveranstaltungen bietet das AURELIUM in Lappersdorf alles, was man sich nur w\u00fcnschen kann: eine erstklassige Lage mit bester Verkehrsanbindung, technische Ausstattung auf dem neuesten Stand und ein Ambiente, das gepr\u00e4gt ist von au\u00dfergew\u00f6hnlicher Architektur. Helle R\u00e4ume, viel Glas, ein bemerkenswertes Erscheinungsbild und maximaler [&hellip;]<\/p>\n","protected":false},"author":1,"featured_media":0,"parent":0,"menu_order":0,"comment_status":"closed","ping_status":"closed","template":"","meta":{"_acf_changed":false,"footnotes":""},"class_list":["post-1950","page","type-page","status-publish","hentry"],"acf":[],"publishpress_future_workflow_manual_trigger":{"enabledWorkflows":[]},"_links":{"self":[{"href":"https:\/\/aurelium.de\/index.php?rest_route=\/wp\/v2\/pages\/1950","targetHints":{"allow":["GET"]}}],"collection":[{"href":"https:\/\/aurelium.de\/index.php?rest_route=\/wp\/v2\/pages"}],"about":[{"href":"https:\/\/aurelium.de\/index.php?rest_route=\/wp\/v2\/types\/page"}],"author":[{"embeddable":true,"href":"https:\/\/aurelium.de\/index.php?rest_route=\/wp\/v2\/users\/1"}],"replies":[{"embeddable":true,"href":"https:\/\/aurelium.de\/index.php?rest_route=%2Fwp%2Fv2%2Fcomments&post=1950"}],"version-history":[{"count":77,"href":"https:\/\/aurelium.de\/index.php?rest_route=\/wp\/v2\/pages\/1950\/revisions"}],"predecessor-version":[{"id":3797,"href":"https:\/\/aurelium.de\/index.php?rest_route=\/wp\/v2\/pages\/1950\/revisions\/3797"}],"wp:attachment":[{"href":"https:\/\/aurelium.de\/index.php?rest_route=%2Fwp%2Fv2%2Fmedia&parent=1950"}],"curies":[{"name":"wp","href":"https:\/\/api.w.org\/{rel}","templated":true}]}}