{"id":1650,"date":"2021-08-20T08:25:08","date_gmt":"2021-08-20T08:25:08","guid":{"rendered":"https:\/\/aurelium.label-3.com\/?page_id=1650"},"modified":"2021-11-03T09:45:28","modified_gmt":"2021-11-03T09:45:28","slug":"tickets","status":"publish","type":"page","link":"https:\/\/aurelium.de\/?page_id=1650","title":{"rendered":"TICKETS"},"content":{"rendered":"<h1>\n<h1 style=\"color: white; display: inline-block; background-color: #ebaf1b; padding: 10px;\">TICKETS<\/h1>\n<\/h1>\n<h2><span style=\"color: #ffffff;\"><span style=\"font-size: 32px; background-color: #ebaf1b; padding: 10px;\">VERKAUF<\/span><\/span><\/h2>\n<div>\n<p>In der Regel ist f\u00fcr jede\u00a0<a href=\"https:\/\/aurelium.de\/veranstaltungen\/\">Veranstaltung<\/a>\u00a0im AURELIUM ein individueller Link zum Ticketkauf \u00fcber <a href=\"http:\/\/www.okticket.de\">www.okticket.de<\/a> hinterlegt.<\/p>\n<p>Online unter <a href=\"http:\/\/www.okticket.de\">www.okticket.de<\/a>, in Lappersdorf im Rathaus und bei Schreibwaren Ulrich oder in allen okticket \u2013 VVK Stellen.<\/p>\n<p>Hinweis:<br \/>Falls Sie die Veranstaltung nicht unter okticket finden \u2013 \u00a0entnehmen Sie das Ticketverkaufsangebot den jeweiligen Veranstaltungsinfos.<\/p>\n<\/div>\n<p><img decoding=\"async\" src=\"\/wp-content\/uploads\/2021\/09\/okticket_Claim_RGB_600px-_mit-transparenten-Hintergrund_.png\" alt=\"\"><\/p>\n<p>\n    <a href=\"https:\/\/okticket.de\/index.php?searchexpression=aurelium\">ZU OKTICKET.DE<\/a>\n<\/p>\n<h2>\n<span style=\"color: #ffffff;\"><span style=\"font-size: 32px; background-color: #ebaf1b; padding: 10px; line-height: 200%\">VERSCHENKEN SIE EINEN UNVERGESSLICHEN ABEND IM AURELIUM!<\/span><\/span><\/h2>\n<p><img decoding=\"async\" src=\"\/wp-content\/uploads\/2021\/10\/Gutschein-okticket-transparent_LogoA_neu.png\" alt=\"\"><\/p>\n<div>\n<p>Das AURELIUM bietet nun auch die M\u00f6glichkeit, Gutscheine f\u00fcr eigene Veranstaltungen zu erwerben. Diese sind im speziellen AURELIUM-Design gestaltet und werden entweder per Post oder auch per E-Mail zugesandt, sodass sie problemlos am eigenen Drucker ausgedruckt werden k\u00f6nnen.<\/p>\n<p>ACHTUNG: Der neue Service steht ausschlie\u00dflich online zur Verf\u00fcgung, der Kauf kann nur \u00fcber die AURELIUM-Website get\u00e4tigt werden (siehe Men\u00fc &#8222;Tickets&#8220;). Ein Gutscheinerwerb \u00fcber eine der offiziellen VVK-Stellen ist leider nicht m\u00f6glich.<\/p>\n<p>Der erworbene Gutschein kann dann \u00fcber das Portal von okticket f\u00fcr eine Veranstaltung eingel\u00f6st werden. Nutzen Sie hier den weiterf\u00fchrenden Link zum\u00a0<a href=\"https:\/\/okticket.de\/customer_gutschein-5\">Kauf eines Gutscheins<\/a>.<\/p>\n<\/div>\n<p>\n    <a href=\"https:\/\/okticket.de\/customer_gutschein-5\">GUTSCHEIN KAUFEN<\/a>\n<\/p>\n<h2>\n<span style=\"color: #ffffff;\"><span style=\"font-size: 32px; background-color: #ebaf1b; padding: 10px; line-height: 200%\">TICKET = RVV-FAHRAUSWEIS (\u00d6PNV)<\/span><\/span><\/h2>\n<div>\n<p><span>Mit dem Regensburger Verkehrsverbund (RVV) gibt es eine weitreichende Kooperation zur kostenlosen Benutzung aller Buslinien und Nahverkehrsz\u00fcge (2. Klasse) im gesamten Tarifgebiet. Mit dem \u201eRVV-AURELIUM-Kombi-Ticket\u201c ist jeweils eine Person berechtigt, f\u00fcr die Fahrt zur Veranstaltung (4 Stunden vorher) und die R\u00fcckfahrt (bis Betriebsschluss) am gleichen Tag den RVV kostenlos zu nutzen.<\/span><\/p>\n<div id=\"c77\" class=\"csc-default\"><\/div>\n<\/div>\n<p><img decoding=\"async\" src=\"\/wp-content\/uploads\/2021\/10\/211011_Aurelium_U4_SK.jpg\" alt=\"\"><\/p>\n<p>\n    <a href=\"https:\/\/www.rvv.de\/fahrplan\">RVV-Fahrplan<\/a>\n<\/p>\n<h2><span style=\"color: #ffffff;\"><span style=\"font-size: 32px; background-color: #ebaf1b; padding: 10px; line-height: 200%\">BARRIEREFREIHEIT<\/span><\/span><\/h2>\n<p><img decoding=\"async\" src=\"\/wp-content\/uploads\/2021\/11\/barrierefrei4x4.svg\" alt=\"\"><\/p>\n<div>\n<p>Das gesamte AURELIUM ist selbstverst\u00e4ndlich barrierefrei gestaltet. <br \/>Ebenso verf\u00fcgt es \u00fcber:<br \/><strong><\/strong><\/p>\n<p><span style=\"font-size: 20px;color: #ebaf1b;\">BARRIEREFREIEN B\u00dcHNENZUGANG<br \/><\/span>Die B\u00fchne im AURELIUM kann barrierefrei genutzt werden. F\u00fcr Rollstuhlfahrer oder Teilnehmer mit Gehbehinderung erfolgt der Zugang einfach und direkt per Lift.<br \/><strong><\/strong><\/p>\n<p><span style=\"font-size: 20px;color: #ebaf1b;\">INDUKTIVE H\u00d6RANLAGE<br \/><\/span>Auch f\u00fcr Menschen mit H\u00f6rbehinderung bietet die technische Ausstattung im AURELIUM uneingeschr\u00e4nkte Teilnahmem\u00f6glichkeiten. Per H\u00f6rger\u00e4teschleife k\u00f6nnen Audiosignale direkt in daf\u00fcr aus gestattete H\u00f6rger\u00e4te eingespeist werden.<\/p>\n<\/div>\n<p><!--more--><br \/>\n<!-- {\"type\":\"layout\",\"children\":[{\"type\":\"section\",\"props\":{\"style\":\"default\",\"width\":\"default\",\"vertical_align\":\"middle\",\"title_position\":\"top-left\",\"title_rotation\":\"left\",\"title_breakpoint\":\"xl\",\"image_position\":\"center-center\"},\"children\":[{\"type\":\"row\",\"children\":[{\"type\":\"column\",\"props\":{\"image_position\":\"center-center\",\"media_overlay_gradient\":\"\"},\"children\":[{\"type\":\"headline\",\"props\":{\"title_element\":\"h1\",\"content\":\"\n\n<h1 style=\\\"color: white; display: inline-block; background-color: #ebaf1b; padding: 10px;\\\">TICKETS<\\\/h1>\"},\"modified\":\"2021-08-21T07:54:49.684Z\",\"name\":\"Headline neu\"}]}]}]},{\"type\":\"section\",\"props\":{\"style\":\"default\",\"width\":\"default\",\"vertical_align\":\"middle\",\"title_position\":\"top-left\",\"title_rotation\":\"left\",\"title_breakpoint\":\"xl\",\"image_position\":\"center-center\"},\"children\":[{\"type\":\"row\",\"children\":[{\"type\":\"column\",\"props\":{\"image_position\":\"center-center\",\"media_overlay_gradient\":\"\"},\"children\":[{\"type\":\"headline\",\"props\":{\"title_element\":\"h2\",\"content\":\"<span style=\\\"color: #ffffff;\\\"><span style=\\\"font-size: 32px; background-color: #ebaf1b; padding: 10px;\\\">VERKAUF<\\\/span><\\\/span>\"}}]}]},{\"type\":\"row\",\"props\":{\"layout\":\"1-2,1-2\"},\"children\":[{\"type\":\"column\",\"props\":{\"image_position\":\"center-center\",\"media_overlay_gradient\":\"\",\"width_medium\":\"1-2\"},\"children\":[{\"type\":\"text\",\"props\":{\"margin\":\"default\",\"column_breakpoint\":\"m\",\"content\":\"\n\n<p>In der Regel ist f\\u00fcr jede\\u00a0<a href=\\\"https:\\\/\\\/aurelium.de\\\/veranstaltungen\\\/\\\">Veranstaltung<\\\/a>\\u00a0im AURELIUM ein individueller Link zum Ticketkauf \\u00fcber <a href=\\\"http:\\\/\\\/www.okticket.de\\\">www.okticket.de<\\\/a> hinterlegt.<\\\/p>\\n\n\n<p>Online unter <a href=\\\"http:\\\/\\\/www.okticket.de\\\">www.okticket.de<\\\/a>, in Lappersdorf im Rathaus und bei Schreibwaren Ulrich oder in allen okticket \\u2013 VVK Stellen.<\\\/p>\\n\n\n<p>Hinweis:<br \\\/>Falls Sie die Veranstaltung nicht unter okticket finden \\u2013 \\u00a0entnehmen Sie das Ticketverkaufsangebot den jeweiligen Veranstaltungsinfos.<\\\/p>\"}}]},{\"type\":\"column\",\"props\":{\"image_position\":\"center-center\",\"media_overlay_gradient\":\"\",\"width_medium\":\"1-2\"},\"children\":[{\"type\":\"image\",\"props\":{\"margin\":\"default\",\"image_svg_color\":\"emphasis\",\"image\":\"wp-content\\\/uploads\\\/2021\\\/09\\\/okticket_Claim_RGB_600px-_mit-transparenten-Hintergrund_.png\",\"image_width\":\"400\"}}]}]},{\"type\":\"row\",\"children\":[{\"type\":\"column\",\"props\":{\"image_position\":\"center-center\",\"media_overlay_gradient\":\"\"},\"children\":[{\"type\":\"button\",\"props\":{\"grid_column_gap\":\"small\",\"grid_row_gap\":\"small\",\"margin\":\"default\",\"fullwidth\":true},\"children\":[{\"type\":\"button_item\",\"props\":{\"button_style\":\"primary\",\"icon_align\":\"left\",\"content\":\"ZU OKTICKET.DE\",\"link\":\"https:\\\/\\\/okticket.de\\\/index.php?searchexpression=aurelium\",\"icon\":\"sign-in\"}}]}]}]}]},{\"type\":\"section\",\"props\":{\"style\":\"secondary\",\"width\":\"default\",\"vertical_align\":\"middle\",\"title_position\":\"top-left\",\"title_rotation\":\"left\",\"title_breakpoint\":\"xl\",\"image_position\":\"center-center\"},\"children\":[{\"type\":\"row\",\"children\":[{\"type\":\"column\",\"props\":{\"image_position\":\"center-center\",\"media_overlay_gradient\":\"\"},\"children\":[{\"type\":\"headline\",\"props\":{\"title_element\":\"h2\",\"content\":\"\\n<span style=\\\"color: #ffffff;\\\"><span style=\\\"font-size: 32px; background-color: #ebaf1b; padding: 10px; line-height: 200%\\\">VERSCHENKEN SIE EINEN UNVERGESSLICHEN ABEND IM AURELIUM!<\\\/span><\\\/span>\"}}]}]},{\"type\":\"row\",\"props\":{\"layout\":\"1-2,1-2\"},\"children\":[{\"type\":\"column\",\"props\":{\"image_position\":\"center-center\",\"media_overlay_gradient\":\"\",\"width_medium\":\"1-2\"},\"children\":[{\"type\":\"image\",\"props\":{\"margin\":\"default\",\"image_svg_color\":\"emphasis\",\"image\":\"wp-content\\\/uploads\\\/2021\\\/10\\\/Gutschein-okticket-transparent_LogoA_neu.png\",\"image_width\":\"500\"}}]},{\"type\":\"column\",\"props\":{\"image_position\":\"center-center\",\"media_overlay_gradient\":\"\",\"width_medium\":\"1-2\"},\"children\":[{\"type\":\"text\",\"props\":{\"margin\":\"default\",\"column_breakpoint\":\"m\",\"content\":\"\n\n<p>Das AURELIUM bietet nun auch die M\\u00f6glichkeit, Gutscheine f\\u00fcr eigene Veranstaltungen zu erwerben. Diese sind im speziellen AURELIUM-Design gestaltet und werden entweder per Post oder auch per E-Mail zugesandt, sodass sie problemlos am eigenen Drucker ausgedruckt werden k\\u00f6nnen.<br \\\/><br \\\/>ACHTUNG: Der neue Service steht ausschlie\\u00dflich online zur Verf\\u00fcgung, der Kauf kann nur \\u00fcber die AURELIUM-Website get\\u00e4tigt werden (siehe Men\\u00fc \\\"Tickets\\\"). Ein Gutscheinerwerb \\u00fcber eine der offiziellen VVK-Stellen ist leider nicht m\\u00f6glich.<br \\\/><br \\\/>Der erworbene Gutschein kann dann \\u00fcber das Portal von okticket f\\u00fcr eine Veranstaltung eingel\\u00f6st werden. Nutzen Sie hier den weiterf\\u00fchrenden Link zum\\u00a0<a href=\\\"https:\\\/\\\/okticket.de\\\/customer_gutschein-5\\\">Kauf eines Gutscheins<\\\/a>.<\\\/p>\"}}]}]},{\"type\":\"row\",\"children\":[{\"type\":\"column\",\"props\":{\"image_position\":\"center-center\",\"media_overlay_gradient\":\"\"},\"children\":[{\"type\":\"button\",\"props\":{\"grid_column_gap\":\"small\",\"grid_row_gap\":\"small\",\"margin\":\"default\",\"fullwidth\":true},\"children\":[{\"type\":\"button_item\",\"props\":{\"button_style\":\"primary\",\"icon_align\":\"left\",\"content\":\"GUTSCHEIN KAUFEN\",\"link\":\"https:\\\/\\\/okticket.de\\\/customer_gutschein-5\",\"icon\":\"mail\"}}]}]}]}]},{\"type\":\"section\",\"props\":{\"style\":\"default\",\"width\":\"default\",\"vertical_align\":\"middle\",\"title_position\":\"top-left\",\"title_rotation\":\"left\",\"title_breakpoint\":\"xl\",\"image_position\":\"center-center\"},\"children\":[{\"type\":\"row\",\"children\":[{\"type\":\"column\",\"props\":{\"image_position\":\"center-center\",\"media_overlay_gradient\":\"\"},\"children\":[]}]},{\"type\":\"row\",\"props\":{\"layout\":\"1-2,1-2\"},\"children\":[{\"type\":\"column\",\"props\":{\"image_position\":\"center-center\",\"media_overlay_gradient\":\"\",\"width_medium\":\"1-2\"},\"children\":[{\"type\":\"headline\",\"props\":{\"title_element\":\"h2\",\"content\":\"\\n<span style=\\\"color: #ffffff;\\\"><span style=\\\"font-size: 32px; background-color: #ebaf1b; padding: 10px; line-height: 200%\\\">TICKET = RVV-FAHRAUSWEIS (\\u00d6PNV)<\\\/span><\\\/span>\"}},{\"type\":\"text\",\"props\":{\"margin\":\"default\",\"column_breakpoint\":\"m\",\"content\":\"\n\n<p><span>Mit dem Regensburger Verkehrsverbund (RVV) gibt es eine weitreichende Kooperation zur kostenlosen Benutzung aller Buslinien und Nahverkehrsz\\u00fcge (2. Klasse) im gesamten Tarifgebiet. Mit dem \\u201eRVV-AURELIUM-Kombi-Ticket\\u201c ist jeweils eine Person berechtigt, f\\u00fcr die Fahrt zur Veranstaltung (4 Stunden vorher) und die R\\u00fcckfahrt (bis Betriebsschluss) am gleichen Tag den RVV kostenlos zu nutzen.<\\\/span><\\\/p>\\n\n\n<div id=\\\"c77\\\" class=\\\"csc-default\\\"><\\\/div>\"}}]},{\"type\":\"column\",\"props\":{\"image_position\":\"center-center\",\"media_overlay_gradient\":\"\",\"width_medium\":\"1-2\"},\"children\":[{\"type\":\"image\",\"props\":{\"margin\":\"default\",\"image_svg_color\":\"emphasis\",\"image\":\"wp-content\\\/uploads\\\/2021\\\/10\\\/211011_Aurelium_U4_SK.jpg\",\"image_width\":\"200\"}}]}]},{\"type\":\"row\",\"children\":[{\"type\":\"column\",\"props\":{\"image_position\":\"center-center\",\"media_overlay_gradient\":\"\"},\"children\":[{\"type\":\"button\",\"props\":{\"grid_column_gap\":\"small\",\"grid_row_gap\":\"small\",\"margin\":\"default\",\"fullwidth\":true},\"children\":[{\"type\":\"button_item\",\"props\":{\"button_style\":\"primary\",\"icon_align\":\"left\",\"content\":\"RVV-Fahrplan\",\"link\":\"https:\\\/\\\/www.rvv.de\\\/fahrplan\",\"icon\":\"sign-in\"}}]}]}]}]},{\"type\":\"section\",\"props\":{\"style\":\"secondary\",\"width\":\"default\",\"vertical_align\":\"middle\",\"title_position\":\"top-left\",\"title_rotation\":\"left\",\"title_breakpoint\":\"xl\",\"image_position\":\"center-center\"},\"children\":[{\"type\":\"row\",\"children\":[{\"type\":\"column\",\"props\":{\"image_position\":\"center-center\",\"media_overlay_gradient\":\"\"},\"children\":[{\"type\":\"headline\",\"props\":{\"title_element\":\"h2\",\"content\":\"<span style=\\\"color: #ffffff;\\\"><span style=\\\"font-size: 32px; background-color: #ebaf1b; padding: 10px; line-height: 200%\\\">BARRIEREFREIHEIT<\\\/span><\\\/span>\"}}]}]},{\"type\":\"row\",\"props\":{\"layout\":\"1-2,1-2\"},\"children\":[{\"type\":\"column\",\"props\":{\"image_position\":\"center-center\",\"media_overlay_gradient\":\"\",\"width_medium\":\"1-2\"},\"children\":[{\"type\":\"image\",\"props\":{\"margin\":\"default\",\"image_svg_color\":\"emphasis\",\"image\":\"wp-content\\\/uploads\\\/2021\\\/11\\\/barrierefrei4x4.svg\",\"image_width\":\"292\"}}]},{\"type\":\"column\",\"props\":{\"image_position\":\"center-center\",\"media_overlay_gradient\":\"\",\"width_medium\":\"1-2\"},\"children\":[{\"type\":\"text\",\"props\":{\"margin\":\"default\",\"column_breakpoint\":\"m\",\"content\":\"\n\n<p>Das gesamte AURELIUM ist selbstverst\\u00e4ndlich barrierefrei gestaltet. <br \\\/>Ebenso verf\\u00fcgt es \\u00fcber:<br \\\/><strong><\\\/strong><\\\/p>\\n\n\n<p><span style=\\\"font-size: 20px;color: #ebaf1b;\\\">BARRIEREFREIEN B\\u00dcHNENZUGANG<br \\\/><\\\/span>Die B\\u00fchne im AURELIUM kann barrierefrei genutzt werden. F\\u00fcr Rollstuhlfahrer oder Teilnehmer mit Gehbehinderung erfolgt der Zugang einfach und direkt per Lift.<br \\\/><strong><\\\/strong><\\\/p>\\n\n\n<p><span style=\\\"font-size: 20px;color: #ebaf1b;\\\">INDUKTIVE H\\u00d6RANLAGE<br \\\/><\\\/span>Auch f\\u00fcr Menschen mit H\\u00f6rbehinderung bietet die technische Ausstattung im AURELIUM uneingeschr\\u00e4nkte Teilnahmem\\u00f6glichkeiten. Per H\\u00f6rger\\u00e4teschleife k\\u00f6nnen Audiosignale direkt in daf\\u00fcr aus gestattete H\\u00f6rger\\u00e4te eingespeist werden.<\\\/p>\"}}]}]}]}],\"version\":\"2.6.3\"} --><\/p>\n","protected":false},"excerpt":{"rendered":"<p>TICKETS VERKAUF In der Regel ist f\u00fcr jede\u00a0Veranstaltung\u00a0im AURELIUM ein individueller Link zum Ticketkauf \u00fcber www.okticket.de hinterlegt. Online unter www.okticket.de, in Lappersdorf im Rathaus und bei Schreibwaren Ulrich oder in allen okticket \u2013 VVK Stellen. Hinweis:Falls Sie die Veranstaltung nicht unter okticket finden \u2013 \u00a0entnehmen Sie das Ticketverkaufsangebot den jeweiligen Veranstaltungsinfos. ZU OKTICKET.DE VERSCHENKEN SIE [&hellip;]<\/p>\n","protected":false},"author":1,"featured_media":0,"parent":0,"menu_order":0,"comment_status":"closed","ping_status":"closed","template":"","meta":{"_acf_changed":false,"footnotes":""},"class_list":["post-1650","page","type-page","status-publish","hentry"],"acf":[],"publishpress_future_workflow_manual_trigger":{"enabledWorkflows":[]},"_links":{"self":[{"href":"https:\/\/aurelium.de\/index.php?rest_route=\/wp\/v2\/pages\/1650","targetHints":{"allow":["GET"]}}],"collection":[{"href":"https:\/\/aurelium.de\/index.php?rest_route=\/wp\/v2\/pages"}],"about":[{"href":"https:\/\/aurelium.de\/index.php?rest_route=\/wp\/v2\/types\/page"}],"author":[{"embeddable":true,"href":"https:\/\/aurelium.de\/index.php?rest_route=\/wp\/v2\/users\/1"}],"replies":[{"embeddable":true,"href":"https:\/\/aurelium.de\/index.php?rest_route=%2Fwp%2Fv2%2Fcomments&post=1650"}],"version-history":[{"count":102,"href":"https:\/\/aurelium.de\/index.php?rest_route=\/wp\/v2\/pages\/1650\/revisions"}],"predecessor-version":[{"id":3192,"href":"https:\/\/aurelium.de\/index.php?rest_route=\/wp\/v2\/pages\/1650\/revisions\/3192"}],"wp:attachment":[{"href":"https:\/\/aurelium.de\/index.php?rest_route=%2Fwp%2Fv2%2Fmedia&parent=1650"}],"curies":[{"name":"wp","href":"https:\/\/api.w.org\/{rel}","templated":true}]}}