{"id":1,"date":"2019-08-13T10:27:03","date_gmt":"2019-08-13T10:27:03","guid":{"rendered":"https:\/\/aurelium.label-3.com\/?p=1"},"modified":"2026-04-01T05:28:48","modified_gmt":"2026-04-01T05:28:48","slug":"home","status":"publish","type":"page","link":"https:\/\/aurelium.de\/","title":{"rendered":"HOME"},"content":{"rendered":"<ul>\n<li>\n<p>        <img decoding=\"async\" src=\"\/wp-content\/uploads\/2022\/05\/A_Luftballon.jpg\" alt=\"\"><\/p>\n<h3>OLYMPUS DIGITAL CAMERA<\/h3>\n<\/li>\n<li>\n<p>        <img decoding=\"async\" src=\"\/wp-content\/uploads\/2021\/12\/DSF2225-scaled.jpg\" alt=\"\"><\/p>\n<h3>_DSF2225<\/h3>\n<\/li>\n<li>\n<p>        <img decoding=\"async\" src=\"\/wp-content\/uploads\/2024\/04\/20230922_190249-scaled.jpg\" alt=\"\"><\/p>\n<h3>20230922_190249<\/h3>\n<\/li>\n<li>\n<p>        <img decoding=\"async\" src=\"\/wp-content\/uploads\/2024\/04\/1612520_cs6_Vorschau.jpg\" alt=\"\"><\/p>\n<h3>_1612520_cs6_Vorschau<\/h3>\n<\/li>\n<li>\n<p>        <img decoding=\"async\" src=\"\/wp-content\/uploads\/2023\/11\/1613411-3_Vorschau_CMYK_Krall-photographie.jpg\" alt=\"\"><\/p>\n<h3>_1613411-3_Vorschau_CMYK_Krall-photographie<\/h3>\n<\/li>\n<li>\n<p>        <img decoding=\"async\" src=\"\/wp-content\/uploads\/2021\/12\/DSF2289-scaled.jpg\" alt=\"\"><\/p>\n<h3>_DSF2289<\/h3>\n<\/li>\n<\/ul>\n<div>\n<h3>N\u00c4CHSTE VERANSTALTUNG:<\/h3>\n<\/div>\n<div>\n<p>        <img decoding=\"async\" src=\"\/wp-content\/uploads\/2025\/05\/20260509_5Achterl_Plakat_A1-1-scaled.jpg\" alt=\"\"><\/p>\n<h3>UNSERE EMPFEHLUNG:<\/h3>\n<p><a href=\"\/index.php?movie=5-8erl-in-ehrn-burn-on\">Weitere Details<\/a><\/p>\n<\/div>\n<div>\n<\/div>\n<div>\n<h1 style=\"color: white; display: inline-block; background-color: #ebaf1b; padding: 10px;\">MIETEN \/ TAGEN<\/h1>\n<h3 style=\"margin-top: -10px;color: white; display: inline-block; background-color: #ebaf1b; padding: 10px;\">FLEXIBLE UND TOP AUSGESTATTETE R\u00c4UME F\u00dcR INDIVIDUELLE EVENTS<\/h3>\n<\/div>\n<div>\n<p>\u00a0<\/p>\n<p>\u00a0<\/p>\n<p>\u00a0<\/p>\n<p>\u00a0<\/p>\n<p>\u00a0 \u00a0\u00a0<\/p>\n<p>\u00a0 \u00a0<\/p>\n<p>\u00a0<\/p>\n<p>\u00a0 \u00a0<\/p>\n<p>\u00a0<\/p>\n<\/p>\n<\/p>\n<\/p>\n<\/div>\n<div>\n<h1 style=\"color: #ebaf1b; padding: 10px; text-align: center;\">&#8222;O Lieb, o Liebe! So golden sch\u00f6n,<\/br> Wie Morgenwolken Auf jenen H\u00f6hn&#8220;<\/h1>\n<h4 style=\"font-style: italic; color: #ebaf1b; margin-top: -10px; padding: 10px; text-align: center;\">Johann Wolfgang von Goethe<\/h4>\n<\/div>\n<div>\n<h1 style=\"color: white; display: inline-block; background-color: #ebaf1b; padding: 10px;\">AURELIUM<\/h1>\n<h3 style=\"margin-top: -10px; color: white; display: inline-block; background-color: #ebaf1b; padding: 10px;\">SPEKTAKUL\u00c4RES AMBIENTE <br \/>DURCH AUSSERGEW\u00d6HNLICHE ARCHITEKTUR<\/h3>\n<\/div>\n<div>\n<p>\u00a0<\/p>\n<p>\u00a0<\/p>\n<p>\u00a0<\/p>\n<p>\u00a0<\/p>\n<p>\u00a0 \u00a0\u00a0<\/p>\n<p>\u00a0 \u00a0<\/p>\n<p>\u00a0<\/p>\n<p>\u00a0 \u00a0<\/p>\n<p>\u00a0<\/p>\n<\/p>\n<\/p>\n<\/p>\n<\/div>\n<p><img decoding=\"async\" src=\"\/wp-content\/uploads\/2021\/11\/barrierefrei-1.svg\" alt=\"\"><\/p>\n<h1>Barrierefrei<\/h1>\n<p><img decoding=\"async\" src=\"\/wp-content\/uploads\/2021\/11\/P_duenn-1.svg\" alt=\"\"><\/p>\n<h1>Parken vor der T\u00fcr<\/h1>\n<p><img decoding=\"async\" src=\"\/wp-content\/uploads\/2021\/11\/Natur-1.svg\" alt=\"\"><\/p>\n<h1>Im Einklang mit der Natur<\/h1>\n<p>[social]<\/p>\n<h1>Modernste Technik<\/h1>\n<h1>\n<h1 style=\"color: white; margin-bottom: -45px;\">AURELIUM<\/h1>\n<h4 style=\"color: white;\">Kultur und Begegnung<\/h4>\n<\/h1>\n<div>Am Anger 1<br \/>93138 Lappersdorf<\/div>\n<p>[receiver]<\/p>\n<div>+49 941\/83099055<\/div>\n<p>[mail]<\/p>\n<div>aurelium@lappersdorf.de<\/div>\n<p><!--more--><br \/>\n<!-- {\"name\":\"Home\",\"type\":\"layout\",\"children\":[{\"type\":\"section\",\"props\":{\"animation\":\"fade\",\"height\":\"full\",\"image_position\":\"center-center\",\"padding\":\"none\",\"style\":\"default\",\"title_breakpoint\":\"xl\",\"title_position\":\"top-left\",\"title_rotation\":\"left\",\"vertical_align\":\"middle\",\"width\":\"\"},\"children\":[{\"type\":\"row\",\"props\":{\"height\":\"full\"},\"children\":[{\"type\":\"column\",\"props\":{\"image_position\":\"center-center\",\"position_sticky_breakpoint\":\"m\"},\"children\":[{\"type\":\"slideshow\",\"props\":{\"link_style\":\"default\",\"link_text\":\"Read more\",\"margin\":\"default\",\"meta_align\":\"below-title\",\"meta_element\":\"div\",\"meta_style\":\"text-meta\",\"nav\":\"dotnav\",\"nav_align\":\"center\",\"nav_breakpoint\":\"s\",\"nav_position\":\"bottom-center\",\"nav_position_margin\":\"medium\",\"overlay_animation\":\"parallax\",\"overlay_container\":\"expand\",\"overlay_container_padding\":\"large\",\"overlay_position\":\"top-left\",\"show_content\":false,\"show_link\":true,\"show_meta\":true,\"show_thumbnail\":true,\"show_title\":false,\"slidenav\":\"default\",\"slidenav_breakpoint\":\"s\",\"slidenav_margin\":\"medium\",\"slidenav_outside_breakpoint\":\"xl\",\"slideshow_animation\":\"fade\",\"slideshow_autoplay\":true,\"slideshow_autoplay_interval\":\"6\",\"slideshow_autoplay_pause\":false,\"slideshow_height\":\"full\",\"slideshow_kenburns\":\"alternate\",\"slideshow_kenburns_duration\":\"7\",\"slideshow_min_height\":\"\",\"slideshow_velocity\":\"1\",\"thumbnav_height\":\"75\",\"thumbnav_svg_color\":\"emphasis\",\"thumbnav_width\":\"100\",\"title_element\":\"h3\"},\"children\":[{\"type\":\"slideshow_item\",\"props\":{\"image\":\"wp-content\\\/uploads\\\/2022\\\/05\\\/A_Luftballon.jpg\",\"title\":\"OLYMPUS DIGITAL CAMERA\"}},{\"type\":\"slideshow_item\",\"props\":{\"image\":\"wp-content\\\/uploads\\\/2021\\\/12\\\/DSF2225-scaled.jpg\",\"title\":\"_DSF2225\"}},{\"type\":\"slideshow_item\",\"props\":{\"image\":\"wp-content\\\/uploads\\\/2024\\\/04\\\/20230922_190249-scaled.jpg\",\"title\":\"20230922_190249\"}},{\"type\":\"slideshow_item\",\"props\":{\"image\":\"wp-content\\\/uploads\\\/2024\\\/04\\\/1612520_cs6_Vorschau.jpg\",\"title\":\"_1612520_cs6_Vorschau\"}},{\"type\":\"slideshow_item\",\"props\":{\"image\":\"wp-content\\\/uploads\\\/2023\\\/11\\\/1613411-3_Vorschau_CMYK_Krall-photographie.jpg\",\"title\":\"_1613411-3_Vorschau_CMYK_Krall-photographie\"}},{\"type\":\"slideshow_item\",\"props\":{\"image\":\"wp-content\\\/uploads\\\/2021\\\/12\\\/DSF2289-scaled.jpg\",\"title\":\"_DSF2289\"}}]}]}]}],\"name\":\"Hero\"},{\"type\":\"section\",\"props\":{\"image_position\":\"center-center\",\"padding\":\"small\",\"style\":\"default\",\"title_breakpoint\":\"xl\",\"title_position\":\"top-left\",\"title_rotation\":\"left\",\"vertical_align\":\"middle\",\"width\":\"default\"},\"children\":[{\"type\":\"row\",\"children\":[{\"type\":\"column\",\"props\":{\"image_position\":\"center-center\",\"position_sticky_breakpoint\":\"m\"}}]}]},{\"type\":\"section\",\"props\":{\"animation\":\"slide-right-medium\",\"height\":\"percent\",\"image\":\"wp-content\\\/uploads\\\/2021\\\/10\\\/721_Polizeiorchester.jpg\",\"image_parallax_bgx\":\"-310,0\",\"image_position\":\"center-center\",\"image_size\":\"cover\",\"padding\":\"large\",\"style\":\"default\",\"title_breakpoint\":\"xl\",\"title_position\":\"top-left\",\"title_rotation\":\"left\",\"vertical_align\":\"middle\",\"width\":\"expand\"},\"children\":[{\"type\":\"row\",\"children\":[{\"type\":\"column\",\"props\":{\"image_position\":\"center-center\",\"position_sticky_breakpoint\":\"m\",\"width_medium\":\"1-3\"}},{\"type\":\"column\",\"props\":{\"image_position\":\"center-center\",\"position_sticky_breakpoint\":\"m\",\"width_medium\":\"1-3\"},\"children\":[{\"type\":\"panel\",\"props\":{\"content_column_breakpoint\":\"m\",\"icon_width\":80,\"image_align\":\"between\",\"image_grid_breakpoint\":\"m\",\"image_grid_width\":\"1-2\",\"image_height\":\"400\",\"image_link\":true,\"image_svg_color\":\"emphasis\",\"link_style\":\"default\",\"link_text\":\"Weitere Details\",\"margin\":\"default\",\"meta_align\":\"below-title\",\"meta_color\":\"emphasis\",\"meta_element\":\"div\",\"meta_style\":\"h4\",\"panel_link\":true,\"panel_padding\":\"default\",\"panel_style\":\"card-default\",\"title\":\"N\\u00c4CHSTE VERANSTALTUNG:\",\"title_align\":\"top\",\"title_element\":\"h3\",\"title_grid_breakpoint\":\"m\",\"title_grid_width\":\"1-2\",\"title_hover_style\":\"reset\",\"title_link\":true,\"title_style\":\"h4\"},\"source\":{\"query\":{\"name\":\"movies.customMovies\",\"arguments\":{\"terms\":[3],\"movie_cat_operator\":\"IN\",\"movie_flag_operator\":\"IN\",\"users\":[],\"users_operator\":\"IN\",\"offset\":0,\"limit\":1,\"order\":\"date\",\"order_direction\":\"DESC\"}},\"props\":{\"image\":{\"filters\":{\"search\":\"\"},\"name\":\"field.intro_image.url\"},\"link\":{\"filters\":{\"search\":\"\"},\"name\":\"link\"},\"meta\":{\"filters\":{\"search\":\"\"},\"name\":\"field.intro_image.alt\"}}}}]},{\"type\":\"column\",\"props\":{\"image_position\":\"center-center\",\"position_sticky_breakpoint\":\"m\",\"width_medium\":\"1-3\"},\"children\":[{\"type\":\"panel\",\"props\":{\"content_column_breakpoint\":\"m\",\"icon_width\":80,\"image\":\"wp-content\\\/uploads\\\/2025\\\/05\\\/20260509_5Achterl_Plakat_A1-1-scaled.jpg\",\"image_align\":\"between\",\"image_grid_breakpoint\":\"m\",\"image_grid_width\":\"1-2\",\"image_height\":\"400\",\"image_link\":true,\"image_svg_color\":\"emphasis\",\"link\":\"index.php?movie=5-8erl-in-ehrn-burn-on\",\"link_style\":\"default\",\"link_text\":\"Weitere Details\",\"margin\":\"default\",\"meta_align\":\"below-title\",\"meta_color\":\"emphasis\",\"meta_element\":\"div\",\"meta_style\":\"h4\",\"panel_link\":true,\"panel_padding\":\"default\",\"panel_style\":\"card-default\",\"title\":\"UNSERE EMPFEHLUNG:\",\"title_align\":\"top\",\"title_element\":\"h3\",\"title_grid_breakpoint\":\"m\",\"title_grid_width\":\"1-2\",\"title_hover_style\":\"reset\",\"title_link\":true,\"title_style\":\"h4\"}}]}],\"props\":{\"layout\":\"1-3,1-3,1-3\",\"width\":\"default\"}},{\"type\":\"row\",\"children\":[{\"type\":\"column\",\"props\":{\"image_position\":\"center-center\",\"position_sticky_breakpoint\":\"m\"},\"children\":[{\"type\":\"text\",\"props\":{\"column_breakpoint\":\"m\",\"content\":\"\",\"margin\":\"default\",\"text_color\":\"danger\"}}]}]}]},{\"type\":\"section\",\"props\":{\"image_position\":\"center-center\",\"style\":\"default\",\"title_breakpoint\":\"xl\",\"title_position\":\"top-left\",\"title_rotation\":\"left\",\"vertical_align\":\"middle\",\"width\":\"expand\"},\"children\":[{\"type\":\"row\",\"children\":[{\"type\":\"column\",\"props\":{\"image_position\":\"center-center\",\"position_sticky_breakpoint\":\"m\"},\"children\":[{\"type\":\"panel-slider\",\"props\":{\"content_column_breakpoint\":\"m\",\"icon_width\":80,\"image_align\":\"top\",\"image_grid_breakpoint\":\"m\",\"image_grid_width\":\"1-2\",\"image_svg_color\":\"emphasis\",\"link_fullwidth\":true,\"link_size\":\"small\",\"link_style\":\"default\",\"link_text\":\"Weitere Details\",\"margin\":\"default\",\"meta_align\":\"below-title\",\"meta_element\":\"div\",\"meta_style\":\"text-meta\",\"nav\":\"\",\"nav_align\":\"center\",\"nav_breakpoint\":\"s\",\"panel_card_match\":true,\"panel_link\":true,\"panel_padding\":\"default\",\"panel_style\":\"card-primary\",\"show_content\":true,\"show_image\":true,\"show_link\":true,\"show_meta\":true,\"show_title\":true,\"slidenav\":\"outside\",\"slidenav_breakpoint\":\"xl\",\"slidenav_margin\":\"medium\",\"slidenav_outside_breakpoint\":\"xl\",\"slider_autoplay\":true,\"slider_autoplay_pause\":true,\"slider_gap\":\"default\",\"slider_width\":\"fixed\",\"slider_width_default\":\"1-1\",\"slider_width_medium\":\"1-4\",\"title_align\":\"top\",\"title_color\":\"success\",\"title_element\":\"h3\",\"title_grid_breakpoint\":\"m\",\"title_grid_width\":\"1-2\",\"title_hover_style\":\"reset\",\"title_style\":\"h4\"},\"children\":[{\"type\":\"panel-slider_item\",\"source\":{\"query\":{\"name\":\"movies.customMovies\",\"arguments\":{\"terms\":[17,18,19],\"movie_cat_operator\":\"IN\",\"movie_flag_operator\":\"IN\",\"users\":[],\"users_operator\":\"IN\",\"offset\":0,\"limit\":100,\"order\":\"date\",\"order_direction\":\"DESC\"}},\"props\":{\"title\":{\"filters\":{\"search\":\"\"},\"name\":\"field.intro_image.alt\"},\"image\":{\"filters\":{\"search\":\"\"},\"name\":\"field.intro_image.url\"},\"link\":{\"filters\":{\"search\":\"\"},\"name\":\"link\"}}}}]}]}]}]},{\"type\":\"section\",\"props\":{\"animation\":\"slide-left-small\",\"image_position\":\"center-center\",\"padding\":\"xsmall\",\"padding_remove_bottom\":false,\"style\":\"default\",\"title_breakpoint\":\"xl\",\"title_position\":\"top-left\",\"title_rotation\":\"left\",\"vertical_align\":\"middle\",\"width\":\"expand\"},\"children\":[{\"type\":\"row\",\"props\":{\"width\":\"expand\"},\"children\":[{\"type\":\"column\",\"props\":{\"image_position\":\"center-center\",\"position_sticky_breakpoint\":\"m\",\"width_medium\":\"1-1\"}}]}],\"name\":\"Latest Reviews\"},{\"type\":\"section\",\"props\":{\"animation\":\"slide-right-medium\",\"height\":\"percent\",\"image\":\"wp-content\\\/uploads\\\/2021\\\/08\\\/1612837_cs6_Vorschau-1.jpg\",\"image_position\":\"center-center\",\"image_size\":\"cover\",\"padding\":\"small\",\"style\":\"default\",\"title_breakpoint\":\"xl\",\"title_position\":\"top-left\",\"title_rotation\":\"left\",\"vertical_align\":\"middle\",\"width\":\"expand\"},\"children\":[{\"type\":\"row\",\"props\":{\"layout\":\"1-3,1-3,1-3\"},\"children\":[{\"type\":\"column\",\"props\":{\"image_position\":\"center-center\",\"position_sticky_breakpoint\":\"m\",\"width_medium\":\"1-3\"},\"children\":[{\"type\":\"text\",\"props\":{\"column_breakpoint\":\"m\",\"content\":\"\n\n<h1 style=\\\"color: white; display: inline-block; background-color: #ebaf1b; padding: 10px;\\\">MIETEN \\\/ TAGEN<\\\/h1>\\n\n\n<h3 style=\\\"margin-top: -10px;color: white; display: inline-block; background-color: #ebaf1b; padding: 10px;\\\">FLEXIBLE UND TOP AUSGESTATTETE R\\u00c4UME F\\u00dcR INDIVIDUELLE EVENTS<\\\/h3>\",\"margin\":\"default\"}}]},{\"type\":\"column\",\"props\":{\"image_position\":\"center-center\",\"position_sticky_breakpoint\":\"m\",\"width_medium\":\"1-3\"}},{\"type\":\"column\",\"props\":{\"image_position\":\"center-center\",\"position_sticky_breakpoint\":\"m\",\"width_medium\":\"1-3\"}}]},{\"type\":\"row\",\"children\":[{\"type\":\"column\",\"props\":{\"image_position\":\"center-center\",\"position_sticky_breakpoint\":\"m\",\"width_medium\":\"1-3\"}},{\"type\":\"column\",\"props\":{\"image_position\":\"center-center\",\"position_sticky_breakpoint\":\"m\",\"width_medium\":\"1-3\"}},{\"type\":\"column\",\"props\":{\"image_position\":\"center-center\",\"position_sticky_breakpoint\":\"m\",\"width_medium\":\"1-3\"},\"children\":[{\"type\":\"text\",\"props\":{\"column_breakpoint\":\"m\",\"content\":\"\n\n<p>\\u00a0<\\\/p>\\n\n\n<p>\\u00a0<\\\/p>\\n\n\n<p>\\u00a0<\\\/p>\\n\n\n<p>\\u00a0<\\\/p>\\n\n\n<p>\\u00a0 \\u00a0\\u00a0<\\\/p>\\n\n\n<p>\\u00a0 \\u00a0<\\\/p>\\n\n\n<p>\\u00a0<\\\/p>\\n\n\n<p>\\u00a0 \\u00a0<\\\/p>\\n\n\n<p>\\u00a0<\\\/p>\\n\n\n<p><\\\/p>\\n\n\n<p><\\\/p>\\n\n\n<p><\\\/p>\\n\n\n<p><\\\/p>\\n\n\n<p><\\\/p>\",\"margin\":\"default\"}}]}],\"props\":{\"layout\":\"1-3,1-3,1-3\",\"width\":\"default\"}}]},{\"type\":\"section\",\"props\":{\"image_position\":\"center-center\",\"padding_remove_bottom\":true,\"style\":\"default\",\"title_breakpoint\":\"xl\",\"title_position\":\"top-left\",\"title_rotation\":\"left\",\"vertical_align\":\"middle\",\"width\":\"default\"},\"children\":[{\"type\":\"row\",\"children\":[{\"type\":\"column\",\"props\":{\"image_position\":\"center-center\",\"position_sticky_breakpoint\":\"m\"}}]}]},{\"type\":\"section\",\"props\":{\"animation\":\"slide-right-medium\",\"image\":\"https:\\\/\\\/aurelium.label-3.com\\\/wp-content\\\/uploads\\\/2021\\\/10\\\/A-Grafik-gold_frei1920.png\",\"image_position\":\"center-right\",\"image_size\":\"contain\",\"media_visibility\":\"m\",\"padding_remove_bottom\":false,\"padding_remove_top\":false,\"style\":\"secondary\",\"title_breakpoint\":\"xl\",\"title_position\":\"top-left\",\"title_rotation\":\"left\",\"vertical_align\":\"middle\",\"width\":\"\"},\"children\":[{\"type\":\"row\",\"children\":[{\"type\":\"column\",\"props\":{\"image_position\":\"center-center\",\"position_sticky_breakpoint\":\"m\"},\"children\":[{\"type\":\"text\",\"props\":{\"column_breakpoint\":\"m\",\"content\":\"\n\n<h1 style=\\\"color: #ebaf1b; padding: 10px; text-align: center;\\\">\\\"O Lieb, o Liebe! So golden sch\\u00f6n,<\\\/br> Wie Morgenwolken Auf jenen H\\u00f6hn\\\"<\\\/h1>\\n\n\n<h4 style=\\\"font-style: italic; color: #ebaf1b; margin-top: -10px; padding: 10px; text-align: center;\\\">Johann Wolfgang von Goethe<\\\/h4>\",\"margin\":\"default\"}}]}],\"props\":{\"margin\":\"remove-vertical\",\"margin_remove_bottom\":true,\"margin_remove_top\":true,\"width\":\"default\"}}]},{\"type\":\"section\",\"props\":{\"image_position\":\"center-center\",\"style\":\"default\",\"title_breakpoint\":\"xl\",\"title_position\":\"top-left\",\"title_rotation\":\"left\",\"vertical_align\":\"middle\",\"width\":\"expand\"},\"children\":[{\"type\":\"row\",\"children\":[{\"type\":\"column\",\"props\":{\"image_position\":\"center-center\",\"position_sticky_breakpoint\":\"m\"}}]}]},{\"type\":\"section\",\"props\":{\"animation\":\"slide-right-medium\",\"height\":\"percent\",\"image_position\":\"center-center\",\"image_size\":\"cover\",\"padding_remove_top\":false,\"style\":\"default\",\"title_breakpoint\":\"xl\",\"title_position\":\"top-left\",\"title_rotation\":\"left\",\"vertical_align\":\"middle\",\"video\":\"https:\\\/\\\/www.youtube.com\\\/watch?v=7y2X2QE1URQ&t=8s\",\"video_height\":\"1080\",\"width\":\"expand\"},\"children\":[{\"type\":\"row\",\"props\":{\"layout\":\"1-3,1-3,1-3\"},\"children\":[{\"type\":\"column\",\"props\":{\"image_position\":\"center-center\",\"position_sticky_breakpoint\":\"m\",\"width_medium\":\"1-3\"},\"children\":[{\"type\":\"text\",\"props\":{\"column_breakpoint\":\"m\",\"content\":\"\n\n<h1 style=\\\"color: white; display: inline-block; background-color: #ebaf1b; padding: 10px;\\\">AURELIUM<\\\/h1>\\n\n\n<h3 style=\\\"margin-top: -10px; color: white; display: inline-block; background-color: #ebaf1b; padding: 10px;\\\">SPEKTAKUL\\u00c4RES AMBIENTE <br \\\/>DURCH AUSSERGEW\\u00d6HNLICHE ARCHITEKTUR<\\\/h3>\",\"margin\":\"default\"}}]},{\"type\":\"column\",\"props\":{\"image_position\":\"center-center\",\"position_sticky_breakpoint\":\"m\",\"width_medium\":\"1-3\"}},{\"type\":\"column\",\"props\":{\"image_position\":\"center-center\",\"position_sticky_breakpoint\":\"m\",\"width_medium\":\"1-3\"}}]},{\"type\":\"row\",\"children\":[{\"type\":\"column\",\"props\":{\"image_position\":\"center-center\",\"position_sticky_breakpoint\":\"m\",\"width_medium\":\"1-3\"}},{\"type\":\"column\",\"props\":{\"image_position\":\"center-center\",\"position_sticky_breakpoint\":\"m\",\"width_medium\":\"1-3\"}},{\"type\":\"column\",\"props\":{\"image_position\":\"center-center\",\"position_sticky_breakpoint\":\"m\",\"width_medium\":\"1-3\"},\"children\":[{\"type\":\"text\",\"props\":{\"column_breakpoint\":\"m\",\"content\":\"\n\n<p>\\u00a0<\\\/p>\\n\n\n<p>\\u00a0<\\\/p>\\n\n\n<p>\\u00a0<\\\/p>\\n\n\n<p>\\u00a0<\\\/p>\\n\n\n<p>\\u00a0 \\u00a0\\u00a0<\\\/p>\\n\n\n<p>\\u00a0 \\u00a0<\\\/p>\\n\n\n<p>\\u00a0<\\\/p>\\n\n\n<p>\\u00a0 \\u00a0<\\\/p>\\n\n\n<p>\\u00a0<\\\/p>\\n\n\n<p><\\\/p>\\n\n\n<p><\\\/p>\\n\n\n<p><\\\/p>\\n\n\n<p><\\\/p>\\n\n\n<p><\\\/p>\",\"margin\":\"default\"}}]}],\"props\":{\"layout\":\"1-3,1-3,1-3\",\"width\":\"default\"}}]},{\"type\":\"section\",\"props\":{\"image_position\":\"center-center\",\"style\":\"default\",\"title_breakpoint\":\"xl\",\"title_position\":\"top-left\",\"title_rotation\":\"left\",\"vertical_align\":\"middle\",\"width\":\"default\"},\"children\":[{\"type\":\"row\",\"children\":[{\"type\":\"column\",\"props\":{\"image_position\":\"center-center\",\"position_sticky_breakpoint\":\"m\"}}]}]},{\"type\":\"section\",\"props\":{\"image_position\":\"center-center\",\"padding_remove_top\":false,\"style\":\"secondary\",\"title_breakpoint\":\"xl\",\"title_position\":\"top-left\",\"title_rotation\":\"left\",\"vertical_align\":\"middle\",\"width\":\"default\"},\"children\":[{\"type\":\"row\",\"props\":{\"layout\":\"1-4,1-4,1-4,1-4|1-2,1-2,1-2,1-2\"},\"children\":[{\"type\":\"column\",\"props\":{\"image_position\":\"center-center\",\"position_sticky_breakpoint\":\"m\",\"width_medium\":\"1-4\",\"width_small\":\"1-2\"},\"children\":[{\"type\":\"image\",\"props\":{\"image\":\"wp-content\\\/uploads\\\/2021\\\/11\\\/barrierefrei-1.svg\",\"image_svg_color\":\"emphasis\",\"margin\":\"default\",\"text_align\":\"center\"}},{\"type\":\"headline\",\"props\":{\"content\":\"Barrierefrei\",\"text_align\":\"center\",\"title_color\":\"primary\",\"title_element\":\"h1\"}}]},{\"type\":\"column\",\"props\":{\"image_position\":\"center-center\",\"position_sticky_breakpoint\":\"m\",\"width_medium\":\"1-4\",\"width_small\":\"1-2\"},\"children\":[{\"type\":\"image\",\"props\":{\"image\":\"wp-content\\\/uploads\\\/2021\\\/11\\\/P_duenn-1.svg\",\"image_svg_color\":\"emphasis\",\"margin\":\"default\",\"text_align\":\"center\"}},{\"type\":\"headline\",\"props\":{\"content\":\"Parken vor der T\\u00fcr\",\"text_align\":\"center\",\"title_color\":\"primary\",\"title_element\":\"h1\"}}]},{\"type\":\"column\",\"props\":{\"image_position\":\"center-center\",\"position_sticky_breakpoint\":\"m\",\"width_medium\":\"1-4\",\"width_small\":\"1-2\"},\"children\":[{\"type\":\"image\",\"props\":{\"image\":\"wp-content\\\/uploads\\\/2021\\\/11\\\/Natur-1.svg\",\"image_svg_color\":\"emphasis\",\"margin\":\"default\",\"text_align\":\"center\"}},{\"type\":\"headline\",\"props\":{\"content\":\"Im Einklang mit der Natur\",\"text_align\":\"center\",\"title_color\":\"primary\",\"title_element\":\"h1\"}}]},{\"type\":\"column\",\"props\":{\"image_position\":\"center-center\",\"position_sticky_breakpoint\":\"m\",\"width_medium\":\"1-4\",\"width_small\":\"1-2\"},\"children\":[{\"type\":\"icon\",\"props\":{\"icon\":\"social\",\"icon_color\":\"primary\",\"icon_width\":60,\"margin\":\"default\",\"text_align\":\"center\"}},{\"type\":\"headline\",\"props\":{\"content\":\"Modernste Technik\",\"text_align\":\"center\",\"title_color\":\"primary\",\"title_element\":\"h1\"}}]}]}]},{\"type\":\"section\",\"props\":{\"image_position\":\"center-center\",\"style\":\"primary\",\"title_breakpoint\":\"xl\",\"title_position\":\"top-left\",\"title_rotation\":\"left\",\"vertical_align\":\"middle\",\"width\":\"default\"},\"children\":[{\"type\":\"row\",\"children\":[{\"type\":\"column\",\"props\":{\"image_position\":\"center-center\",\"position_sticky_breakpoint\":\"m\",\"width_medium\":\"1-2\"},\"children\":[{\"type\":\"headline\",\"props\":{\"content\":\"\n\n<h1 style=\\\"color: white; margin-bottom: -45px;\\\">AURELIUM<\\\/h1>\\n\n\n<h4 style=\\\"color: white;\\\">Kultur und Begegnung<\\\/h4>\",\"title_element\":\"h1\"}}]},{\"type\":\"column\",\"props\":{\"image_position\":\"center-center\",\"position_sticky_breakpoint\":\"m\",\"width_medium\":\"1-2\"}}],\"props\":{\"layout\":\"1-2,1-2\"}},{\"type\":\"row\",\"props\":{\"layout\":\"1-3,1-3,1-3\"},\"children\":[{\"type\":\"column\",\"props\":{\"image_position\":\"center-center\",\"position_sticky_breakpoint\":\"m\",\"width_medium\":\"1-3\"},\"children\":[{\"type\":\"text\",\"props\":{\"column_breakpoint\":\"m\",\"content\":\"Am Anger 1<br \\\/>93138 Lappersdorf\",\"margin\":\"default\",\"text_color\":\"success\",\"text_style\":\"large\"}}]},{\"type\":\"column\",\"props\":{\"image_position\":\"center-center\",\"position_sticky_breakpoint\":\"m\",\"width_medium\":\"1-3\"},\"children\":[{\"type\":\"icon\",\"props\":{\"icon\":\"receiver\",\"icon_color\":\"success\",\"icon_width\":\"30\",\"margin\":\"small\",\"margin_remove_bottom\":false,\"text_align\":\"left\"}},{\"type\":\"text\",\"props\":{\"column_breakpoint\":\"m\",\"content\":\"+49 941\\\/83099055\",\"margin\":\"default\",\"margin_remove_top\":true,\"text_color\":\"success\",\"text_style\":\"large\"}}]},{\"type\":\"column\",\"props\":{\"image_position\":\"center-center\",\"position_sticky_breakpoint\":\"m\",\"width_medium\":\"1-3\"},\"children\":[{\"type\":\"icon\",\"props\":{\"icon\":\"mail\",\"icon_color\":\"success\",\"icon_width\":\"30\",\"margin\":\"small\",\"text_align\":\"left\"}},{\"type\":\"text\",\"props\":{\"column_breakpoint\":\"m\",\"content\":\"aurelium@lappersdorf.de\",\"margin\":\"default\",\"margin_remove_top\":true,\"text_color\":\"success\",\"text_style\":\"large\"}}]}]}]}],\"version\":\"4.2.11\",\"yooessentialsVersion\":\"2.1.3\"} --><\/p>\n","protected":false},"excerpt":{"rendered":"<p>OLYMPUS DIGITAL CAMERA _DSF2225 20230922_190249 _1612520_cs6_Vorschau _1613411-3_Vorschau_CMYK_Krall-photographie _DSF2289 N\u00c4CHSTE VERANSTALTUNG: UNSERE EMPFEHLUNG: Weitere Details MIETEN \/ TAGEN FLEXIBLE UND TOP AUSGESTATTETE R\u00c4UME F\u00dcR INDIVIDUELLE EVENTS \u00a0 \u00a0 \u00a0 \u00a0 \u00a0 \u00a0\u00a0 \u00a0 \u00a0 \u00a0 \u00a0 \u00a0 \u00a0 &#8222;O Lieb, o Liebe! So golden sch\u00f6n, Wie Morgenwolken Auf jenen H\u00f6hn&#8220; Johann Wolfgang von Goethe AURELIUM SPEKTAKUL\u00c4RES [&hellip;]<\/p>\n","protected":false},"author":1,"featured_media":0,"parent":0,"menu_order":1,"comment_status":"open","ping_status":"open","template":"","meta":{"_acf_changed":false,"footnotes":""},"class_list":["post-1","page","type-page","status-publish","hentry"],"acf":[],"publishpress_future_workflow_manual_trigger":{"enabledWorkflows":[]},"_links":{"self":[{"href":"https:\/\/aurelium.de\/index.php?rest_route=\/wp\/v2\/pages\/1","targetHints":{"allow":["GET"]}}],"collection":[{"href":"https:\/\/aurelium.de\/index.php?rest_route=\/wp\/v2\/pages"}],"about":[{"href":"https:\/\/aurelium.de\/index.php?rest_route=\/wp\/v2\/types\/page"}],"author":[{"embeddable":true,"href":"https:\/\/aurelium.de\/index.php?rest_route=\/wp\/v2\/users\/1"}],"replies":[{"embeddable":true,"href":"https:\/\/aurelium.de\/index.php?rest_route=%2Fwp%2Fv2%2Fcomments&post=1"}],"version-history":[{"count":580,"href":"https:\/\/aurelium.de\/index.php?rest_route=\/wp\/v2\/pages\/1\/revisions"}],"predecessor-version":[{"id":6223,"href":"https:\/\/aurelium.de\/index.php?rest_route=\/wp\/v2\/pages\/1\/revisions\/6223"}],"wp:attachment":[{"href":"https:\/\/aurelium.de\/index.php?rest_route=%2Fwp%2Fv2%2Fmedia&parent=1"}],"curies":[{"name":"wp","href":"https:\/\/api.w.org\/{rel}","templated":true}]}}